{"id":949,"date":"2024-08-18T19:55:53","date_gmt":"2024-08-18T19:55:53","guid":{"rendered":"https:\/\/eldom.es\/?post_type=product&#038;p=949"},"modified":"2024-08-18T19:55:54","modified_gmt":"2024-08-18T19:55:54","slug":"bascula-de-cocina-digital-wk320s-con-recipiente-de-acero-para-productos-pesados-hasta-5-kg-elegante-y-funcional","status":"publish","type":"product","link":"https:\/\/eldom.es\/index.php\/producto\/bascula-de-cocina-digital-wk320s-con-recipiente-de-acero-para-productos-pesados-hasta-5-kg-elegante-y-funcional\/","title":{"rendered":"B\u00e1scula de cocina digital WK320S, con recipiente de acero para productos pesados hasta 5 kg \u00a1Elegante y funcional!"},"content":{"rendered":"<p>B\u00e1scula de cocina digital WK320S, con recipiente de acero para productos pesados hasta 5 kg<\/p>\n<p>\u00a1Elegante y funcional!<\/p>\n<p>\u00bfValoras el dise\u00f1o elegante y moderno? \u00bfEs la funcionalidad tan importante para ti como la est\u00e9tica? Si es as\u00ed, \u00a1la b\u00e1scula de cocina WK320S RENA seguramente cumplir\u00e1 con sus expectativas!<\/p>\n<h2>B\u00e1scula de cocina digital WK320S, con recipiente de acero para productos pesados hasta 5 kg<\/h2>\n<p>La b\u00e1scula de cocina electr\u00f3nica est\u00e1 hecha de acero inoxidable de alta calidad y tiene un recipiente extra\u00edble, lo que hace que sea c\u00f3modo transferir o verter los productos pesados. Est\u00e1 equipado con una pantalla LCD clara, un interruptor de unidad de pesaje, un indicador de sobrecarga y descarga de la bater\u00eda y una b\u00e1scula precisa. Adem\u00e1s de la funci\u00f3n b\u00e1sica de pesar productos y tara, el modelo WK320S tambi\u00e9n permite medir el volumen de agua y leche. Esta funci\u00f3n permite medir la cantidad de leche o agua tambi\u00e9n en litros. La b\u00e1scula se apaga autom\u00e1ticamente cuando no se usa durante aproximadamente 2 minutos y funciona con dos bater\u00edas AAA.<\/p>\n<p>&nbsp;<\/p>\n<p>Dimensiones del producto (Alto x Fondo x Ancho) 4 x 18 x 20 cm<\/p>\n<h2>Caracter\u00edsticas<\/h2>\n<p>Pantalla LCD S\u00cd<\/p>\n<p>Tarado SI<\/p>\n<p>Apagado autom\u00e1tico SI<\/p>\n<p>Indicador de sobrecarga S\u00cd<\/p>\n<p>Indicador de descarga de bater\u00eda SI<\/p>\n<p>Medici\u00f3n de volumen de agua y leche SI<\/p>\n<p>Propiedades de medici\u00f3n<\/p>\n<p>Precisi\u00f3n de graduaci\u00f3n 1g<\/p>\n<p>Peso m\u00e1ximo 5 kg<\/p>\n<p>Tipo de bater\u00eda AAA<\/p>\n<p>N\u00famero de bater\u00edas 2<\/p>\n<p>Dimensiones del producto (Alto x Fondo x Ancho) 4 x 18 x 20 cm<\/p>\n<p>Paquete 10,70 x 21,70 x 21,70 cm<\/p>\n<p>Peso neto 0,56 kg<\/p>\n","protected":false},"excerpt":{"rendered":"<p>B\u00e1scula de cocina digital WK320S, con recipiente de acero para productos pesados hasta 5 kg<\/p>\n<p>\u00a1Elegante y funcional!<\/p>\n","protected":false},"featured_media":950,"comment_status":"open","ping_status":"closed","template":"","meta":[],"product_brand":[],"product_cat":[33],"product_tag":[95,153,89,40,90,154,127],"class_list":{"0":"post-949","1":"product","2":"type-product","3":"status-publish","4":"has-post-thumbnail","6":"product_cat-electrodomesticos_de_cocina","7":"product_tag-5kg","8":"product_tag-acero","9":"product_tag-bascula","10":"product_tag-cocina","11":"product_tag-digital","12":"product_tag-inox","13":"product_tag-pilas","15":"first","16":"instock","17":"sale","18":"taxable","19":"shipping-taxable","20":"purchasable","21":"product-type-simple"},"aioseo_notices":[],"_links":{"self":[{"href":"https:\/\/eldom.es\/index.php\/wp-json\/wp\/v2\/product\/949","targetHints":{"allow":["GET"]}}],"collection":[{"href":"https:\/\/eldom.es\/index.php\/wp-json\/wp\/v2\/product"}],"about":[{"href":"https:\/\/eldom.es\/index.php\/wp-json\/wp\/v2\/types\/product"}],"replies":[{"embeddable":true,"href":"https:\/\/eldom.es\/index.php\/wp-json\/wp\/v2\/comments?post=949"}],"wp:featuredmedia":[{"embeddable":true,"href":"https:\/\/eldom.es\/index.php\/wp-json\/wp\/v2\/media\/950"}],"wp:attachment":[{"href":"https:\/\/eldom.es\/index.php\/wp-json\/wp\/v2\/media?parent=949"}],"wp:term":[{"taxonomy":"product_brand","embeddable":true,"href":"https:\/\/eldom.es\/index.php\/wp-json\/wp\/v2\/product_brand?post=949"},{"taxonomy":"product_cat","embeddable":true,"href":"https:\/\/eldom.es\/index.php\/wp-json\/wp\/v2\/product_cat?post=949"},{"taxonomy":"product_tag","embeddable":true,"href":"https:\/\/eldom.es\/index.php\/wp-json\/wp\/v2\/product_tag?post=949"}],"curies":[{"name":"wp","href":"https:\/\/api.w.org\/{rel}","templated":true}]}}