{"id":944,"date":"2024-08-18T19:41:20","date_gmt":"2024-08-18T19:41:20","guid":{"rendered":"https:\/\/eldom.es\/?post_type=product&#038;p=944"},"modified":"2024-08-18T19:41:21","modified_gmt":"2024-08-18T19:41:21","slug":"espuma-cremosa-al-cuerpo-cafe-de-la-manana-tiande-33706-240g-refrescante-comienzo-de-un-buen-dia","status":"publish","type":"product","link":"https:\/\/eldom.es\/index.php\/producto\/espuma-cremosa-al-cuerpo-cafe-de-la-manana-tiande-33706-240g-refrescante-comienzo-de-un-buen-dia\/","title":{"rendered":"Espuma Cremosa al Cuerpo \u00abCaf\u00e9 de la Ma\u00f1ana\u00bb TianDe 33706, 240g, Refrescante Comienzo de un Buen D\u00eda"},"content":{"rendered":"<h2>Espuma Cremosa al Cuerpo \u00abCaf\u00e9 de la Ma\u00f1ana\u00bb TianDe 33706, 240g, Refrescante Comienzo de un Buen D\u00eda<\/h2>\n<p>El Souffl\u00e9 de cuerpo ayuda a restaurar el nivel \u00f3ptimo de la hidrataci\u00f3n de su piel despu\u00e9s de ducharse y deshacerse de la sensaci\u00f3n de piel apretada y seca. El aroma del caf\u00e9 te revigoriza.<\/p>\n<h2>APLICACI\u00d3N<\/h2>\n<p>Aplicar sobre la piel por la ma\u00f1ana y \/ o por la noche despu\u00e9s de la ducha.<\/p>\n<h2>INGREDIENTES<\/h2>\n<h4>agua, paraffinum liquidum, glicerina, estearato de glicerilo, \u00e1cido este\u00e1rico, alcohol cetear\u00edlico, laurilsulfato de sodio, vaselina, extracto de hoja de aloe barbadensis, dimethhicona, manteca de semillas de theobroma cacao, alanto\u00edna, trietanolamina, parfum, polisorbato 80, EDTA dis\u00f3dico, BHT, metilparabeno propilparabeno<\/h4>\n","protected":false},"excerpt":{"rendered":"<p>Espuma Cremosa al Cuerpo \u00abCaf\u00e9 de la Ma\u00f1ana\u00bb TianDe 33706, 240g, Refrescante Comienzo de un Buen D\u00eda<\/p>\n","protected":false},"featured_media":945,"comment_status":"open","ping_status":"closed","template":"","meta":[],"product_brand":[],"product_cat":[36,32],"product_tag":[152,151,149,150,65,148,147,51],"class_list":{"0":"post-944","1":"product","2":"type-product","3":"status-publish","4":"has-post-thumbnail","6":"product_cat-cosmeticos","7":"product_cat-hasta_10_euros","8":"product_tag-alantoina","9":"product_tag-aloe","10":"product_tag-cafe","11":"product_tag-cosmetica","12":"product_tag-crema","13":"product_tag-cuerpo","14":"product_tag-souffle","15":"product_tag-tiande","17":"first","18":"instock","19":"taxable","20":"shipping-taxable","21":"purchasable","22":"product-type-simple"},"aioseo_notices":[],"_links":{"self":[{"href":"https:\/\/eldom.es\/index.php\/wp-json\/wp\/v2\/product\/944","targetHints":{"allow":["GET"]}}],"collection":[{"href":"https:\/\/eldom.es\/index.php\/wp-json\/wp\/v2\/product"}],"about":[{"href":"https:\/\/eldom.es\/index.php\/wp-json\/wp\/v2\/types\/product"}],"replies":[{"embeddable":true,"href":"https:\/\/eldom.es\/index.php\/wp-json\/wp\/v2\/comments?post=944"}],"wp:featuredmedia":[{"embeddable":true,"href":"https:\/\/eldom.es\/index.php\/wp-json\/wp\/v2\/media\/945"}],"wp:attachment":[{"href":"https:\/\/eldom.es\/index.php\/wp-json\/wp\/v2\/media?parent=944"}],"wp:term":[{"taxonomy":"product_brand","embeddable":true,"href":"https:\/\/eldom.es\/index.php\/wp-json\/wp\/v2\/product_brand?post=944"},{"taxonomy":"product_cat","embeddable":true,"href":"https:\/\/eldom.es\/index.php\/wp-json\/wp\/v2\/product_cat?post=944"},{"taxonomy":"product_tag","embeddable":true,"href":"https:\/\/eldom.es\/index.php\/wp-json\/wp\/v2\/product_tag?post=944"}],"curies":[{"name":"wp","href":"https:\/\/api.w.org\/{rel}","templated":true}]}}