{"id":938,"date":"2024-08-18T13:15:10","date_gmt":"2024-08-18T13:15:10","guid":{"rendered":"https:\/\/eldom.es\/?post_type=product&#038;p=938"},"modified":"2024-08-18T13:15:11","modified_gmt":"2024-08-18T13:15:11","slug":"estacion-meteorologica-de-casa-meteo-sp68-con-reloj-dcf-fechador-termometro-higrometro-previsiones-del-tiempo-2-sensores-externos-blanca","status":"publish","type":"product","link":"https:\/\/eldom.es\/index.php\/producto\/estacion-meteorologica-de-casa-meteo-sp68-con-reloj-dcf-fechador-termometro-higrometro-previsiones-del-tiempo-2-sensores-externos-blanca\/","title":{"rendered":"Estaci\u00f3n Meteorol\u00f3gica de Casa  METEO SP68 con Reloj DCF, Fechador, Termometro, Higrometro, Previsiones del Tiempo, 2 Sensores Externos, Blanca"},"content":{"rendered":"<p>Estaci\u00f3n Meteorol\u00f3gica de Casa METEO SP68 con Reloj DCF, Fechador, Termometro, Higrometro, Previsiones del Tiempo, 2 Sensores Externos, Blanca<\/p>\n<h2>Medici\u00f3n de temperatura interior y exterior, Humedad y Presi\u00f3n<\/h2>\n<p>La estaci\u00f3n consta con reloj electr\u00f3nico, barometro, higrometro term\u00f3metro que muestra medidas precisas de temperaturas y humedades, en la habitaci\u00f3n en la que se encuentra el dispositivo y en 2 lugares adicionales gracias a sensores externos inal\u00e1mbricos (p.e. en 2 habitaciones adicionales). El reloj de quarzo cuenta con sincronizaci\u00f3n autom\u00e1tica con reloj at\u00f3mico en Francoforto. Funci\u00f3n de previsi\u00f3n del tiempo demuestra las previsiones con pictogramos en la pantalla. Las previsiones estan basadas en cambios de la presi\u00f3n.<\/p>\n<h2>ESPECIFICACI\u00d3N<\/h2>\n<p>Alimentaci\u00f3n: 2 pilas AAA\/1,5V + 4 pilas AAA\/1,5V (no incluidas) o\u00a0 el cargador (incluido).<\/p>\n<p>El juego contiene la estaci\u00f3n principal, 2 sensores inal\u00e1mbricos y el alimentador.<\/p>\n<p>Dimensiones del producto (Alto x Largo x Ancho) 18 x 13 x 2 cm.<\/p>\n","protected":false},"excerpt":{"rendered":"<p>Estaci\u00f3n Meteorol\u00f3gica de Casa METEO SP68 con Reloj DCF, Fechador, Termometro, Higrometro, Previsiones del Tiempo, 2 Sensores Externos, Blanca<\/p>\n","protected":false},"featured_media":939,"comment_status":"open","ping_status":"closed","template":"","meta":[],"product_brand":[],"product_cat":[35,33,34,130],"product_tag":[146,145,133,134,131,144,138,140,135,132,141,137,143,136,139,142],"class_list":{"0":"post-938","1":"product","2":"type-product","3":"status-publish","4":"has-post-thumbnail","6":"product_cat-climatizacion","7":"product_cat-electrodomesticos_de_cocina","8":"product_cat-estaciones_meteo_de_casa","9":"product_cat-hogar","10":"product_tag-barometro","11":"product_tag-blanco","12":"product_tag-casa","13":"product_tag-casera","14":"product_tag-estacion","15":"product_tag-externos","16":"product_tag-fechador","17":"product_tag-higrometro","18":"product_tag-meteo","19":"product_tag-meteorologica","20":"product_tag-previsiones","21":"product_tag-reloj","22":"product_tag-sensores","23":"product_tag-sp68","24":"product_tag-termometro","25":"product_tag-tiempo","27":"first","28":"instock","29":"taxable","30":"shipping-taxable","31":"purchasable","32":"product-type-simple"},"aioseo_notices":[],"_links":{"self":[{"href":"https:\/\/eldom.es\/index.php\/wp-json\/wp\/v2\/product\/938","targetHints":{"allow":["GET"]}}],"collection":[{"href":"https:\/\/eldom.es\/index.php\/wp-json\/wp\/v2\/product"}],"about":[{"href":"https:\/\/eldom.es\/index.php\/wp-json\/wp\/v2\/types\/product"}],"replies":[{"embeddable":true,"href":"https:\/\/eldom.es\/index.php\/wp-json\/wp\/v2\/comments?post=938"}],"wp:featuredmedia":[{"embeddable":true,"href":"https:\/\/eldom.es\/index.php\/wp-json\/wp\/v2\/media\/939"}],"wp:attachment":[{"href":"https:\/\/eldom.es\/index.php\/wp-json\/wp\/v2\/media?parent=938"}],"wp:term":[{"taxonomy":"product_brand","embeddable":true,"href":"https:\/\/eldom.es\/index.php\/wp-json\/wp\/v2\/product_brand?post=938"},{"taxonomy":"product_cat","embeddable":true,"href":"https:\/\/eldom.es\/index.php\/wp-json\/wp\/v2\/product_cat?post=938"},{"taxonomy":"product_tag","embeddable":true,"href":"https:\/\/eldom.es\/index.php\/wp-json\/wp\/v2\/product_tag?post=938"}],"curies":[{"name":"wp","href":"https:\/\/api.w.org\/{rel}","templated":true}]}}