{"id":929,"date":"2024-08-18T05:17:39","date_gmt":"2024-08-18T05:17:39","guid":{"rendered":"https:\/\/eldom.es\/?post_type=product&#038;p=929"},"modified":"2024-08-18T20:13:19","modified_gmt":"2024-08-18T20:13:19","slug":"dispositivo-para-la-limpieza-y-cuidado-de-la-piel-del-rostro-y-cuello-zu10-eldom","status":"publish","type":"product","link":"https:\/\/eldom.es\/index.php\/producto\/dispositivo-para-la-limpieza-y-cuidado-de-la-piel-del-rostro-y-cuello-zu10-eldom\/","title":{"rendered":"Dispositivo Para la Limpieza y Cuidado de la Piel del Rostro y Cuello, ZU10 ELDOM"},"content":{"rendered":"<p>Dispositivo Para la Limpieza y Cuidado de la Piel del Rostro y Cuello, ZU10 ELDOM<\/p>\n<h2>\u00a1Tu experto privado en la lucha por un cutis hermoso y saludable! \u00bfEst\u00e1s cansado de las imperfecciones en tu rostro?<\/h2>\n<p>\u00bfSab\u00edas que su causa puede ser una atenci\u00f3n inadecuada? Demasiados cosm\u00e9ticos no solo no limpian, sino que tambi\u00e9n obstruyen los poros, lo que a su vez provoca cambios en la piel de aspecto feo.<\/p>\n<h3>\u00bfEntonces lo que hay que hacer?<\/h3>\n<p>Conc\u00e9ntrate en una limpieza profunda y ponte en manos de profesionales &#8230; \u00a1en la comodidad de tu propia casa!<\/p>\n<h3>\u00bfC\u00f3mo es esto posible?<\/h3>\n<p>El ZU10 dux es un dispositivo de limpieza y cuidado de la piel del rostro y cuello, que gracias a su multifuncionalidad te ayudar\u00e1 no en uno, sino en varios aspectos del cuidado facial profesional. Gracias a la posibilidad de elegir una de las cuatro puntas, puedes decidir qu\u00e9 tratamiento te ser\u00e1 mejor en un d\u00eda determinado.<\/p>\n<h3>\u00bfLimpieza local profunda, suave masaje antiarrugas, limpieza general y mejora de la circulaci\u00f3n, o tal vez un suave refresco diario con eliminaci\u00f3n de sebo?<\/h3>\n<p>Con el ZU10 dux tu ba\u00f1o se convertir\u00e1 en un aut\u00e9ntico sal\u00f3n de belleza.<\/p>\n<h2>ESPECIFICACI\u00d3N:<\/h2>\n<p>cuidado integral de la piel;<\/p>\n<p>eliminaci\u00f3n de puntos negros;<\/p>\n<p>limpieza de poros; renovaci\u00f3n de la piel seca;<\/p>\n<p>apoyando la reducci\u00f3n de arrugas;<\/p>\n<p>eliminaci\u00f3n de la epidermis descamada;<\/p>\n<p>dise\u00f1ado para todo tipo de piel;<\/p>\n<p>4 accesorios intercambiables incluidos;<\/p>\n<p>conveniente de usar y almacenar;<\/p>\n<p>f\u00e1cil de limpiar;<\/p>\n<p>fuente de alimentaci\u00f3n: 2 pilas AA (no incluidas)<\/p>\n","protected":false},"excerpt":{"rendered":"<p>Dispositivo Para la Limpieza y Cuidado de la Piel del Rostro y Cuello, ZU10 ELDOM. cuidado integral de la piel; eliminaci\u00f3n de puntos negros; limpieza de poros;<\/p>\n","protected":false},"featured_media":930,"comment_status":"open","ping_status":"closed","template":"","meta":[],"product_brand":[],"product_cat":[26,36,37],"product_tag":[124,125,128,114,48,123,127,126,129],"class_list":{"0":"post-929","1":"product","2":"type-product","3":"status-publish","4":"has-post-thumbnail","6":"product_cat-que_nuevo","7":"product_cat-cosmeticos","8":"product_cat-higiene_y_salud","9":"product_tag-acne","10":"product_tag-cara","11":"product_tag-cosmeticos","12":"product_tag-electrico","13":"product_tag-facial","14":"product_tag-limpieza","15":"product_tag-pilas","16":"product_tag-puntos-negros","17":"product_tag-salon-de-belleza","19":"first","20":"instock","21":"sale","22":"taxable","23":"shipping-taxable","24":"purchasable","25":"product-type-simple"},"aioseo_notices":[],"_links":{"self":[{"href":"https:\/\/eldom.es\/index.php\/wp-json\/wp\/v2\/product\/929","targetHints":{"allow":["GET"]}}],"collection":[{"href":"https:\/\/eldom.es\/index.php\/wp-json\/wp\/v2\/product"}],"about":[{"href":"https:\/\/eldom.es\/index.php\/wp-json\/wp\/v2\/types\/product"}],"replies":[{"embeddable":true,"href":"https:\/\/eldom.es\/index.php\/wp-json\/wp\/v2\/comments?post=929"}],"wp:featuredmedia":[{"embeddable":true,"href":"https:\/\/eldom.es\/index.php\/wp-json\/wp\/v2\/media\/930"}],"wp:attachment":[{"href":"https:\/\/eldom.es\/index.php\/wp-json\/wp\/v2\/media?parent=929"}],"wp:term":[{"taxonomy":"product_brand","embeddable":true,"href":"https:\/\/eldom.es\/index.php\/wp-json\/wp\/v2\/product_brand?post=929"},{"taxonomy":"product_cat","embeddable":true,"href":"https:\/\/eldom.es\/index.php\/wp-json\/wp\/v2\/product_cat?post=929"},{"taxonomy":"product_tag","embeddable":true,"href":"https:\/\/eldom.es\/index.php\/wp-json\/wp\/v2\/product_tag?post=929"}],"curies":[{"name":"wp","href":"https:\/\/api.w.org\/{rel}","templated":true}]}}