{"id":915,"date":"2024-08-17T06:50:50","date_gmt":"2024-08-17T06:50:50","guid":{"rendered":"https:\/\/eldom.es\/?post_type=product&#038;p=915"},"modified":"2024-08-17T06:50:50","modified_gmt":"2024-08-17T06:50:50","slug":"bascula-de-cocina-eldom-ek3130-electronica-capacidad-5kg-recipiente-transparente-pantalla-lcd","status":"publish","type":"product","link":"https:\/\/eldom.es\/index.php\/producto\/bascula-de-cocina-eldom-ek3130-electronica-capacidad-5kg-recipiente-transparente-pantalla-lcd\/","title":{"rendered":"B\u00e1scula De Cocina Eldom EK3130 electr\u00f3nica, Capacidad 5kg, Recipiente transparente, Pantalla LCD"},"content":{"rendered":"<p>B\u00e1scula De Cocina Eldom EK3130 electr\u00f3nica, Capacidad 5kg, Recipiente transparente, Pantalla LCD<\/p>\n","protected":false},"excerpt":{"rendered":"<p>B\u00e1scula De Cocina Eldom EK3130 electr\u00f3nica, Capacidad 5kg, Recipiente transparente, Pantalla LCD. Sus medidas son muy precisas.<\/p>\n","protected":false},"featured_media":916,"comment_status":"open","ping_status":"closed","template":"","meta":[],"product_brand":[],"product_cat":[33,32],"product_tag":[95,89,40,90,94,96,93,91,92],"class_list":{"0":"post-915","1":"product","2":"type-product","3":"status-publish","4":"has-post-thumbnail","6":"product_cat-electrodomesticos_de_cocina","7":"product_cat-hasta_10_euros","8":"product_tag-5kg","9":"product_tag-bascula","10":"product_tag-cocina","11":"product_tag-digital","12":"product_tag-grande","13":"product_tag-hasta","14":"product_tag-pantalla","15":"product_tag-recipiente","16":"product_tag-transparente","18":"first","19":"instock","20":"sale","21":"taxable","22":"shipping-taxable","23":"purchasable","24":"product-type-simple"},"aioseo_notices":[],"_links":{"self":[{"href":"https:\/\/eldom.es\/index.php\/wp-json\/wp\/v2\/product\/915","targetHints":{"allow":["GET"]}}],"collection":[{"href":"https:\/\/eldom.es\/index.php\/wp-json\/wp\/v2\/product"}],"about":[{"href":"https:\/\/eldom.es\/index.php\/wp-json\/wp\/v2\/types\/product"}],"replies":[{"embeddable":true,"href":"https:\/\/eldom.es\/index.php\/wp-json\/wp\/v2\/comments?post=915"}],"wp:featuredmedia":[{"embeddable":true,"href":"https:\/\/eldom.es\/index.php\/wp-json\/wp\/v2\/media\/916"}],"wp:attachment":[{"href":"https:\/\/eldom.es\/index.php\/wp-json\/wp\/v2\/media?parent=915"}],"wp:term":[{"taxonomy":"product_brand","embeddable":true,"href":"https:\/\/eldom.es\/index.php\/wp-json\/wp\/v2\/product_brand?post=915"},{"taxonomy":"product_cat","embeddable":true,"href":"https:\/\/eldom.es\/index.php\/wp-json\/wp\/v2\/product_cat?post=915"},{"taxonomy":"product_tag","embeddable":true,"href":"https:\/\/eldom.es\/index.php\/wp-json\/wp\/v2\/product_tag?post=915"}],"curies":[{"name":"wp","href":"https:\/\/api.w.org\/{rel}","templated":true}]}}