{"id":902,"date":"2024-08-16T18:51:45","date_gmt":"2024-08-16T18:51:45","guid":{"rendered":"https:\/\/eldom.es\/?post_type=product&#038;p=902"},"modified":"2024-08-16T18:53:03","modified_gmt":"2024-08-16T18:53:03","slug":"enfriador-portatil-de-aire-climatizador-evaporativo-eldom-columbiavac-kc100","status":"publish","type":"product","link":"https:\/\/eldom.es\/index.php\/producto\/enfriador-portatil-de-aire-climatizador-evaporativo-eldom-columbiavac-kc100\/","title":{"rendered":"Enfriador Port\u00e1til de Aire, Climatizador Evaporativo,  Eldom-Columbiavac KC100 Con 3 Velocidades"},"content":{"rendered":"<p>Enfriador Port\u00e1til de Aire, Climatizador Evaporativo, Eldom-Columbiavac KC100 Con 3 Velocidades<\/p>\n<h4>NOTA: Para no confundirse \u2013 \u00a1Esto NO es un Aire Condicionado!<\/h4>\n<h2>\u00bfNecesitas un respiro del calor?<\/h2>\n<p>\u00a1Aprovecha el clima! El clima port\u00e1til le proporcionar\u00e1 un enfriamiento efectivo, ventilaci\u00f3n y humidificaci\u00f3n del aire en los calurosos d\u00edas de verano.<\/p>\n<p>El aire caliente es absorbido por el ambiente y forzado a trav\u00e9s del ventilador por cartuchos que se humedecen constantemente con agua. El agua, en el proceso natural de evaporaci\u00f3n, absorbe el calor, gracias a lo cual el aire acondicionado refresca y refresca el aire acondicionado. Adem\u00e1s, el nivel de humedad en la habitaci\u00f3n aumenta al mismo tiempo, lo que tambi\u00e9n se traduce en un aumento del bienestar.<\/p>\n<p>El KC100 es f\u00e1cil de usar, ahorra energ\u00eda y es respetuoso con el medio ambiente. Tiene un tanque de agua de 4L, un filtro de aire y un panel de control c\u00f3modo, y ruedas giratorias montadas que facilitan su transporte. Hay tres modos de funcionamiento del ventilador y una funci\u00f3n de oscilaci\u00f3n, y tambi\u00e9n se utilizan persianas verticales y horizontales para controlar el flujo de aire fr\u00edo. Para aumentar la eficiencia de enfriamiento, puede insertar cartuchos congelados (llenos de agua) o cubitos de hielo en el tanque de agua.<\/p>\n<h2>ESPECIFICACI\u00d3N:<\/h2>\n<p>3 en 1: ENFRIAMIENTO, VENTILACI\u00d3N, HUMEDAD,<\/p>\n<p>capacidad del tanque: 4 l,<\/p>\n<p>flujo de aire: 120m3 \/ h,<\/p>\n<p>capacidad provista para la habitaci\u00f3n: 15 m 2,<\/p>\n<p>potencia: 65 vatios<\/p>\n","protected":false},"excerpt":{"rendered":"<p>Enfriador Port\u00e1til de Aire, Climatizador Evaporativo, Eldom-Columbiavac KC100 Con 3 Velocidades<\/p>\n","protected":false},"featured_media":903,"comment_status":"open","ping_status":"closed","template":"","meta":[],"product_brand":[],"product_cat":[35],"product_tag":[83,82,88,41,84,86,85,87],"class_list":{"0":"post-902","1":"product","2":"type-product","3":"status-publish","4":"has-post-thumbnail","6":"product_cat-climatizacion","7":"product_tag-acondicionado","8":"product_tag-aire","9":"product_tag-climatizador","10":"product_tag-eldom","11":"product_tag-enfriador","12":"product_tag-humidificador","13":"product_tag-portatil","14":"product_tag-ventilador","16":"first","17":"instock","18":"taxable","19":"shipping-taxable","20":"purchasable","21":"product-type-simple"},"aioseo_notices":[],"_links":{"self":[{"href":"https:\/\/eldom.es\/index.php\/wp-json\/wp\/v2\/product\/902","targetHints":{"allow":["GET"]}}],"collection":[{"href":"https:\/\/eldom.es\/index.php\/wp-json\/wp\/v2\/product"}],"about":[{"href":"https:\/\/eldom.es\/index.php\/wp-json\/wp\/v2\/types\/product"}],"replies":[{"embeddable":true,"href":"https:\/\/eldom.es\/index.php\/wp-json\/wp\/v2\/comments?post=902"}],"wp:featuredmedia":[{"embeddable":true,"href":"https:\/\/eldom.es\/index.php\/wp-json\/wp\/v2\/media\/903"}],"wp:attachment":[{"href":"https:\/\/eldom.es\/index.php\/wp-json\/wp\/v2\/media?parent=902"}],"wp:term":[{"taxonomy":"product_brand","embeddable":true,"href":"https:\/\/eldom.es\/index.php\/wp-json\/wp\/v2\/product_brand?post=902"},{"taxonomy":"product_cat","embeddable":true,"href":"https:\/\/eldom.es\/index.php\/wp-json\/wp\/v2\/product_cat?post=902"},{"taxonomy":"product_tag","embeddable":true,"href":"https:\/\/eldom.es\/index.php\/wp-json\/wp\/v2\/product_tag?post=902"}],"curies":[{"name":"wp","href":"https:\/\/api.w.org\/{rel}","templated":true}]}}