{"id":900,"date":"2024-08-16T11:57:41","date_gmt":"2024-08-16T11:57:41","guid":{"rendered":"https:\/\/eldom.es\/?post_type=product&#038;p=900"},"modified":"2024-08-16T12:07:03","modified_gmt":"2024-08-16T12:07:03","slug":"crema-de-manos-con-aceite-de-mamushi-41102","status":"publish","type":"product","link":"https:\/\/eldom.es\/index.php\/producto\/crema-de-manos-con-aceite-de-mamushi-41102\/","title":{"rendered":"Crema de manos con aceite de Mamushi 41102 TianDe, 80 ml, reparaci\u00f3n intensiva de la piel de las manos"},"content":{"rendered":"<p>Crema de manos TianDe &#8211; reparaci\u00f3n intensiva de la piel de las manos<\/p>\n<h2>Crema de manos con aceite de Mamushi 41102 TianDe, 80 ml, reparaci\u00f3n intensiva de la piel de las manos<\/h2>\n<p>Hidrata y nutre eficazmente, alivia la irritaci\u00f3n, permite la r\u00e1pida reparaci\u00f3n de la piel da\u00f1ada, alisa, potencia sus funciones defensivas, aporta un tacto suave y aterciopelado. Dise\u00f1ado para uso diario.<\/p>\n<h2>COMPONENTES ACTIVOS<\/h2>\n<p>Aloe, \u00e1cido este\u00e1rico, alanto\u00edna, aceite de Mamushi.<\/p>\n<h3>\u00c1loe<\/h3>\n<p>El extracto de hoja de Aloe barbadensis calma, suaviza e hidrata la piel, estimula su regeneraci\u00f3n, mejora la elasticidad y suaviza las l\u00edneas finas.<\/p>\n<h3>\u00c1cido este\u00e1rico<\/h3>\n<p>Limpia, restaura el manto lip\u00eddico de la piel, mejora la elasticidad de la piel.<\/p>\n<h3>alanto\u00edna<\/h3>\n<p>Tiene un efecto regenerador, suaviza y calma la piel, protegi\u00e9ndola de los efectos negativos de los factores externos.<\/p>\n<h3>aceite de mamushi<\/h3>\n<p>Tiene efectos suavizantes y antis\u00e9pticos sobre la piel, la nutre, repone la reserva cut\u00e1nea de \u00e1cidos grasos esenciales, estimula las propiedades regenerativas de la piel, alivia la sequedad y la irritaci\u00f3n.<\/p>\n<h2>APLICACI\u00d3N:<\/h2>\n<p>Aplicar la crema sobre la piel de las manos limpia.<\/p>\n<h2>INGREDIENTES<\/h2>\n<p>Aqua, parafina l\u00edquida, glicerina, alcohol cetear\u00edlico, vaselina, estearato de glicerilo, lauril fosfato de sodio, \u00e1cido este\u00e1rico, aceite de mamushi, borneol, alanto\u00edna, metilparabeno, perfume, extracto de hoja de aloe barbadensis, polisorbato 80, propilparabeno, BHT, EDTA dis\u00f3dico, eugenol.<\/p>\n","protected":false},"excerpt":{"rendered":"<p>Crema de manos TianDe &#8211; reparaci\u00f3n intensiva de la piel de las manos<\/p>\n","protected":false},"featured_media":901,"comment_status":"open","ping_status":"closed","template":"","meta":[],"product_brand":[],"product_cat":[36],"product_tag":[67,68,56,80,75,65,72,73,69,76,66,74,77,70,79,81,78,71,51],"class_list":{"0":"post-900","1":"product","2":"type-product","3":"status-publish","4":"has-post-thumbnail","6":"product_cat-cosmeticos","7":"product_tag-67","8":"product_tag-68","9":"product_tag-aceite","10":"product_tag-alisa","11":"product_tag-alivia","12":"product_tag-crema","13":"product_tag-eficientemente","14":"product_tag-hidrata","15":"product_tag-intensivo","16":"product_tag-irritacion","17":"product_tag-manos","18":"product_tag-nutre","19":"product_tag-permite","20":"product_tag-piel","21":"product_tag-piel-danada","22":"product_tag-potencia","23":"product_tag-rapido","24":"product_tag-repara","25":"product_tag-tiande","27":"first","28":"instock","29":"taxable","30":"shipping-taxable","31":"purchasable","32":"product-type-simple"},"aioseo_notices":[],"_links":{"self":[{"href":"https:\/\/eldom.es\/index.php\/wp-json\/wp\/v2\/product\/900","targetHints":{"allow":["GET"]}}],"collection":[{"href":"https:\/\/eldom.es\/index.php\/wp-json\/wp\/v2\/product"}],"about":[{"href":"https:\/\/eldom.es\/index.php\/wp-json\/wp\/v2\/types\/product"}],"replies":[{"embeddable":true,"href":"https:\/\/eldom.es\/index.php\/wp-json\/wp\/v2\/comments?post=900"}],"wp:featuredmedia":[{"embeddable":true,"href":"https:\/\/eldom.es\/index.php\/wp-json\/wp\/v2\/media\/901"}],"wp:attachment":[{"href":"https:\/\/eldom.es\/index.php\/wp-json\/wp\/v2\/media?parent=900"}],"wp:term":[{"taxonomy":"product_brand","embeddable":true,"href":"https:\/\/eldom.es\/index.php\/wp-json\/wp\/v2\/product_brand?post=900"},{"taxonomy":"product_cat","embeddable":true,"href":"https:\/\/eldom.es\/index.php\/wp-json\/wp\/v2\/product_cat?post=900"},{"taxonomy":"product_tag","embeddable":true,"href":"https:\/\/eldom.es\/index.php\/wp-json\/wp\/v2\/product_tag?post=900"}],"curies":[{"name":"wp","href":"https:\/\/api.w.org\/{rel}","templated":true}]}}