{"id":877,"date":"2024-08-15T18:03:10","date_gmt":"2024-08-15T18:03:10","guid":{"rendered":"https:\/\/eldom.es\/?post_type=product&#038;p=877"},"modified":"2024-08-15T18:14:20","modified_gmt":"2024-08-15T18:14:20","slug":"tonico-facial-rejuvenecedor-15102-tiande","status":"publish","type":"product","link":"https:\/\/eldom.es\/index.php\/producto\/tonico-facial-rejuvenecedor-15102-tiande\/","title":{"rendered":"T\u00f3nico Facial Rejuvenecedor, 15102 TianDe, 100ml, Renovaci\u00f3n Infinita con Aceite de Serpiente"},"content":{"rendered":"<p>Este t\u00f3nico limpia eficazmente el exceso de grasa, impurezas y restos de maquillaje.<\/p>\n<h2>El t\u00f3nico mejora la eficacia del cuidado antienvejecimiento<\/h2>\n<p>El t\u00f3nico es rico en activos que hidratan y reafirman la piel. Con un uso regular combate los signos del envejecimiento.<\/p>\n<p>El producto forma parte de la serie Snake Factor dedicada a la correcci\u00f3n intensiva de los cambios en la piel madura. Los productos de esta Serie contienen aceite de serpiente Mamushi, un activador de la regeneraci\u00f3n celular del complejo anti-edad Brillian-KS68 y tambi\u00e9n un grupo de agentes altamente hidratantes como la sal de \u00e1cido hialur\u00f3nico y el disac\u00e1rido de glucosa.<\/p>\n<h2>COMPONENTES ACTIVOS<\/h2>\n<p>Vitamina E, \u00c1cido Hialur\u00f3nico, Hamamelis, Trehalosa<\/p>\n<h2>APLICACI\u00d3N<\/h2>\n<p>Verter una peque\u00f1a cantidad de t\u00f3nico en un algod\u00f3n y extender sobre rostro y cuello ma\u00f1ana y noche.<\/p>\n<h2>INGREDIENTES<\/h2>\n<p>agua, propilenglicol, glicerina, extracto de hoja de hamamelis, polimetacrilato de glicerilo, copol\u00edmero de PVM\/MA, aceite de ricino hidrogenado PEG-40, glic\u00e9ridos capr\u00edlicos\/c\u00e1pricos PEG-6, retinol, adenosina, hidroxipropil ciclodextrina, pantenol, diazolidinil urea, perfume, sodio hialuronato, acetato de tocoferol, hexilo cinamal, linalool, D-limoneno, citronelol, butilfenilmetilpropional<\/p>\n","protected":false},"excerpt":{"rendered":"<p>El t\u00f3nico es rico en activos que hidratan y reafirman la piel. Con un uso regular combate los signos del envejecimiento.<\/p>\n","protected":false},"featured_media":878,"comment_status":"open","ping_status":"closed","template":"","meta":[],"product_brand":[],"product_cat":[36],"product_tag":[50,56,64,57,59,48,61,60,52,58,54,62,63,47,53,55,51,49],"class_list":{"0":"post-877","1":"product","2":"type-product","3":"status-publish","4":"has-post-thumbnail","6":"product_cat-cosmeticos","7":"product_tag-50","8":"product_tag-aceite","9":"product_tag-efectividad","10":"product_tag-eficacia","11":"product_tag-exceso","12":"product_tag-facial","13":"product_tag-huellas","14":"product_tag-impurezas","15":"product_tag-infinito","16":"product_tag-limpia","17":"product_tag-mamushi","18":"product_tag-maquillaje","19":"product_tag-mejora","20":"product_tag-rejuvenecedor","21":"product_tag-renovacion","22":"product_tag-serpiente","23":"product_tag-tiande","24":"product_tag-tonico","26":"first","27":"instock","28":"taxable","29":"shipping-taxable","30":"purchasable","31":"product-type-simple"},"aioseo_notices":[],"_links":{"self":[{"href":"https:\/\/eldom.es\/index.php\/wp-json\/wp\/v2\/product\/877","targetHints":{"allow":["GET"]}}],"collection":[{"href":"https:\/\/eldom.es\/index.php\/wp-json\/wp\/v2\/product"}],"about":[{"href":"https:\/\/eldom.es\/index.php\/wp-json\/wp\/v2\/types\/product"}],"replies":[{"embeddable":true,"href":"https:\/\/eldom.es\/index.php\/wp-json\/wp\/v2\/comments?post=877"}],"wp:featuredmedia":[{"embeddable":true,"href":"https:\/\/eldom.es\/index.php\/wp-json\/wp\/v2\/media\/878"}],"wp:attachment":[{"href":"https:\/\/eldom.es\/index.php\/wp-json\/wp\/v2\/media?parent=877"}],"wp:term":[{"taxonomy":"product_brand","embeddable":true,"href":"https:\/\/eldom.es\/index.php\/wp-json\/wp\/v2\/product_brand?post=877"},{"taxonomy":"product_cat","embeddable":true,"href":"https:\/\/eldom.es\/index.php\/wp-json\/wp\/v2\/product_cat?post=877"},{"taxonomy":"product_tag","embeddable":true,"href":"https:\/\/eldom.es\/index.php\/wp-json\/wp\/v2\/product_tag?post=877"}],"curies":[{"name":"wp","href":"https:\/\/api.w.org\/{rel}","templated":true}]}}