{"id":853,"date":"2024-08-13T22:10:19","date_gmt":"2024-08-13T22:10:19","guid":{"rendered":"https:\/\/eldom.es\/?post_type=product&#038;p=853"},"modified":"2024-08-26T20:57:59","modified_gmt":"2024-08-26T20:57:59","slug":"gofrera-st10w-eldom-potencia-700w-blanco-dos-gofres-10cm-x-10cm","status":"publish","type":"product","link":"https:\/\/eldom.es\/index.php\/producto\/gofrera-st10w-eldom-potencia-700w-blanco-dos-gofres-10cm-x-10cm\/","title":{"rendered":"Gofrera St10W Eldom, Potencia 700W, Blanco, dos gofres 10cm x 10cm"},"content":{"rendered":"<p>La gofrera es tu propio fabricante de gofres, dos gofres a la vez, placas de cocci\u00f3n con revestimiento antiadherente, asas no t\u00e9rmicas<\/p>\n<h2>Gofres son para muchos de nosotros el sabor de las vacaciones &#8230; \u00bfPor qu\u00e9 no disfrutar de todo el a\u00f1o?<\/h2>\n<p>Gracias a tu propio fabricante de gofres, puedes preparar este delicioso postre tan pronto como desees. Entonces s\u00f3lo aditivo favorito: fruta, crema batida, az\u00facar en polvo o mermelada &#8230; y en pocos momentos saboreamos gofres frescos. Su cocci\u00f3n sin duda facilitar\u00e1n recubrimientos antiadherentes, que no se adhieren a las obleas de wafers, as\u00ed como luces de control, se\u00f1alizaci\u00f3n del dispositivo y un termostato que mantiene la temperatura constante. Por seguridad, la gofrera est\u00e1 equipada con mangos que no se calientan y pies antideslizantes, que los hacen firmemente unidos al suelo.<\/p>\n<h2>ESPECIFICACIONES:<\/h2>\n<p>dos gofres 10cm x 10cm,<\/p>\n<p>placas de cocci\u00f3n con revestimiento antiadherente,<\/p>\n<p>asas no t\u00e9rmicas,<\/p>\n<p>2 luces indicadoras,<\/p>\n<p>termostato que mantiene constante la temperatura,<\/p>\n<p>pies antideslizantes,<\/p>\n<p>potencia: 700W<\/p>\n","protected":false},"excerpt":{"rendered":"<p>Gofrera St10W Eldom, Potencia 700W, Blanco, dos gofres 10cm x 10cm imprescindible en una casa con los ni\u00f1os<\/p>\n","protected":false},"featured_media":854,"comment_status":"open","ping_status":"closed","template":"","meta":[],"product_brand":[],"product_cat":[33],"product_tag":[40,44,41,42,38,45,46,39,43],"class_list":{"0":"post-853","1":"product","2":"type-product","3":"status-publish","4":"has-post-thumbnail","6":"product_cat-electrodomesticos_de_cocina","7":"product_tag-cocina","8":"product_tag-crepe","9":"product_tag-eldom","10":"product_tag-electrodomestico","11":"product_tag-gofrera","12":"product_tag-ninos","13":"product_tag-para","14":"product_tag-postre","15":"product_tag-rico","17":"first","18":"outofstock","19":"sale","20":"taxable","21":"shipping-taxable","22":"purchasable","23":"product-type-simple"},"aioseo_notices":[],"_links":{"self":[{"href":"https:\/\/eldom.es\/index.php\/wp-json\/wp\/v2\/product\/853","targetHints":{"allow":["GET"]}}],"collection":[{"href":"https:\/\/eldom.es\/index.php\/wp-json\/wp\/v2\/product"}],"about":[{"href":"https:\/\/eldom.es\/index.php\/wp-json\/wp\/v2\/types\/product"}],"replies":[{"embeddable":true,"href":"https:\/\/eldom.es\/index.php\/wp-json\/wp\/v2\/comments?post=853"}],"wp:featuredmedia":[{"embeddable":true,"href":"https:\/\/eldom.es\/index.php\/wp-json\/wp\/v2\/media\/854"}],"wp:attachment":[{"href":"https:\/\/eldom.es\/index.php\/wp-json\/wp\/v2\/media?parent=853"}],"wp:term":[{"taxonomy":"product_brand","embeddable":true,"href":"https:\/\/eldom.es\/index.php\/wp-json\/wp\/v2\/product_brand?post=853"},{"taxonomy":"product_cat","embeddable":true,"href":"https:\/\/eldom.es\/index.php\/wp-json\/wp\/v2\/product_cat?post=853"},{"taxonomy":"product_tag","embeddable":true,"href":"https:\/\/eldom.es\/index.php\/wp-json\/wp\/v2\/product_tag?post=853"}],"curies":[{"name":"wp","href":"https:\/\/api.w.org\/{rel}","templated":true}]}}