{"id":1114,"date":"2025-02-09T06:19:30","date_gmt":"2025-02-09T06:19:30","guid":{"rendered":"https:\/\/eldom.es\/?post_type=product&#038;p=1114"},"modified":"2025-02-09T06:19:30","modified_gmt":"2025-02-09T06:19:30","slug":"deshidratador-de-frutas-verduras-setas-carne-pasteles-eldom-sg110s-240w-5-bandejas-25cm-de-diametro","status":"publish","type":"product","link":"https:\/\/eldom.es\/index.php\/producto\/deshidratador-de-frutas-verduras-setas-carne-pasteles-eldom-sg110s-240w-5-bandejas-25cm-de-diametro\/","title":{"rendered":"Deshidratador de Frutas, Verduras, Setas, Carne, Pasteles .. ELDOM SG110S, 240W, 5 Bandejas 25cm de Diametro"},"content":{"rendered":"<p>Deshidratador de Frutas, Verduras, Setas, Carne, Pasteles .. ELDOM SG110S, 240W, V\u00eda Seca &#8230; el Sabor Natural y la Salud!<\/p>\n<p>\u00a1El procesador de alimentos SG110S ELDOM ayudar\u00e1 a aumentar el tiempo de almacenamiento seguro de verduras y frutas! Tambi\u00e9n se beneficiar\u00e1 de la ardiente setas! Le permite conservar naturalmente la carne, las hierbas, las especias y la pasta. Tiene cinco pantallas con un di\u00e1metro de 25 cm, cuya altura se puede ajustar. Esto es muy \u00fatil cuando secamos productos m\u00e1s grandes. La carcasa del dispositivo es transparente, de manera que el proceso de secado se puede controlar de forma regular.<\/p>\n<p>La secadora es muy f\u00e1cil de usar y f\u00e1cil de mantener limpia. \u00a1Tambi\u00e9n puede trabajar continuamente por hasta 20 horas!<\/p>\n<p>El deshidratador est\u00e1 dise\u00f1ado para el secado de productos alimenticios, tales como setas, frutas, carne (carne de res), pastas, verduras &#8211; por ejemplo, para preparar comidas instant\u00e1neas saludables (sin conservantes), plantas (flores, hojas), hierbas, frutas en az\u00facar , para procesamiento posterior en jugos instant\u00e1neos.<\/p>\n<p>ESPECIFICACIONES:<\/p>\n<p>bandejas de 25 cm de di\u00e1metro, flujo de aire, ajuste de altura 1,5 cm \/ 2,5 cm, luz indicadora, f\u00e1cil de usar y limpiar, interruptor, potencia: 240W, tiempo de funcionamiento continuo: 20 horas, antes de reanudar el trabajo: 2 horas<\/p>\n<p>&nbsp;<\/p>\n","protected":false},"excerpt":{"rendered":"<p>Deshidratador de Frutas, Verduras, Setas, Carne, Pasteles .. ELDOM SG110S, 240W, V\u00eda Seca &#8230; el Sabor Natural y la Salud!<\/p>\n<p>\u00a1El procesador de alimentos SG110S ELDOM ayudar\u00e1 a aumentar el tiempo de almacenamiento seguro de verduras y frutas!<\/p>\n","protected":false},"featured_media":1129,"comment_status":"open","ping_status":"closed","template":"","meta":[],"product_brand":[],"product_cat":[33],"product_tag":[100,240,40,238,106,239,105],"class_list":{"0":"post-1114","1":"product","2":"type-product","3":"status-publish","4":"has-post-thumbnail","6":"product_cat-electrodomesticos_de_cocina","7":"product_tag-alimentos","8":"product_tag-almendras","9":"product_tag-cocina","10":"product_tag-deshidratador","11":"product_tag-frutas","12":"product_tag-setas","13":"product_tag-verduras","15":"first","16":"instock","17":"taxable","18":"shipping-taxable","19":"purchasable","20":"product-type-simple"},"aioseo_notices":[],"_links":{"self":[{"href":"https:\/\/eldom.es\/index.php\/wp-json\/wp\/v2\/product\/1114","targetHints":{"allow":["GET"]}}],"collection":[{"href":"https:\/\/eldom.es\/index.php\/wp-json\/wp\/v2\/product"}],"about":[{"href":"https:\/\/eldom.es\/index.php\/wp-json\/wp\/v2\/types\/product"}],"replies":[{"embeddable":true,"href":"https:\/\/eldom.es\/index.php\/wp-json\/wp\/v2\/comments?post=1114"}],"wp:featuredmedia":[{"embeddable":true,"href":"https:\/\/eldom.es\/index.php\/wp-json\/wp\/v2\/media\/1129"}],"wp:attachment":[{"href":"https:\/\/eldom.es\/index.php\/wp-json\/wp\/v2\/media?parent=1114"}],"wp:term":[{"taxonomy":"product_brand","embeddable":true,"href":"https:\/\/eldom.es\/index.php\/wp-json\/wp\/v2\/product_brand?post=1114"},{"taxonomy":"product_cat","embeddable":true,"href":"https:\/\/eldom.es\/index.php\/wp-json\/wp\/v2\/product_cat?post=1114"},{"taxonomy":"product_tag","embeddable":true,"href":"https:\/\/eldom.es\/index.php\/wp-json\/wp\/v2\/product_tag?post=1114"}],"curies":[{"name":"wp","href":"https:\/\/api.w.org\/{rel}","templated":true}]}}