{"id":1100,"date":"2024-08-29T20:11:08","date_gmt":"2024-08-29T20:11:08","guid":{"rendered":"https:\/\/eldom.es\/?post_type=product&#038;p=1100"},"modified":"2024-08-29T20:11:10","modified_gmt":"2024-08-29T20:11:10","slug":"lunchbox-termo-para-alimentos-de-acero-inoxidable-promis-tm-180g-2-compartimentos-verde","status":"publish","type":"product","link":"https:\/\/eldom.es\/index.php\/producto\/lunchbox-termo-para-alimentos-de-acero-inoxidable-promis-tm-180g-2-compartimentos-verde\/","title":{"rendered":"Lunchbox &#8211; Termo para Alimentos de Acero Inoxidable PROMIS TM-180G  2 compartimentos  Verde"},"content":{"rendered":"<p>Lunchbox &#8211; Termo para Alimentos de Acero Inoxidable PROMIS TM-180G 2 compartimentos Verde<\/p>\n<p>dise\u00f1o \u00fanico &#8211; Fabricado en acero inoxidable de alta calidad, dise\u00f1ado para el contacto con alimentos<\/p>\n<h2>Lunchbox &#8211; Termo para Alimentos de Acero Inoxidable PROMIS TM-180G 2 compartimentos Verde<\/h2>\n<p>&#8211; No es t\u00f3xico, sabor neutro, seguro<\/p>\n<p>&#8211; La capacidad total de 1,8 litros<\/p>\n<p>&#8211; 2 recipientes separados para llevar la comida, por ejemplo, sopa, plato principal.<\/p>\n<p>&#8211; Mantener la temperatura del alimento durante 2-3 horas<\/p>\n<p>&#8211; La tecnolog\u00eda de vac\u00edo mantener la frescura<\/p>\n<p>&#8211; Tight una c\u00e1mara del 100%<\/p>\n<p>&#8211; Cierre pr\u00e1ctico y seguro, que abarca tanto los contenedores<\/p>\n<p>&#8211; La tapa est\u00e1 equipada con una junta<\/p>\n<p>&#8211; Doble asa, muy c\u00f3modo, f\u00e1cil de llevar<\/p>\n<p>&#8211; La posibilidad de comer la comida directamente de contenedores<\/p>\n<p>-. F\u00e1cil almacenamiento, por ejemplo, en un refrigerador, el gabinete<\/p>\n<p>&#8211; La capacidad de almacenar comidas fr\u00edas y calientes<\/p>\n<p>&#8211; Disponible en dos colores: blanco, verde<\/p>\n<h2>Nota:<\/h2>\n<p>&#8211; No se recomienda el lavado de contenedores en el lavavajillas &#8211; No se puede utilizar en el microondas y el calor directamente sobre el fuego<\/p>\n","protected":false},"excerpt":{"rendered":"<p>Lunchbox &#8211; Termo para Alimentos de Acero Inoxidable PROMIS TM-180G 2 compartimentos Verde<\/p>\n","protected":false},"featured_media":1105,"comment_status":"open","ping_status":"closed","template":"","meta":[],"product_brand":[],"product_cat":[26,32,130],"product_tag":[237,236,235,234,233],"class_list":{"0":"post-1100","1":"product","2":"type-product","3":"status-publish","4":"has-post-thumbnail","6":"product_cat-que_nuevo","7":"product_cat-hasta_10_euros","8":"product_cat-hogar","9":"product_tag-caliente","10":"product_tag-comida","11":"product_tag-dinner","12":"product_tag-lunchbox","13":"product_tag-termo","15":"first","16":"instock","17":"sale","18":"taxable","19":"shipping-taxable","20":"purchasable","21":"product-type-simple"},"aioseo_notices":[],"_links":{"self":[{"href":"https:\/\/eldom.es\/index.php\/wp-json\/wp\/v2\/product\/1100","targetHints":{"allow":["GET"]}}],"collection":[{"href":"https:\/\/eldom.es\/index.php\/wp-json\/wp\/v2\/product"}],"about":[{"href":"https:\/\/eldom.es\/index.php\/wp-json\/wp\/v2\/types\/product"}],"replies":[{"embeddable":true,"href":"https:\/\/eldom.es\/index.php\/wp-json\/wp\/v2\/comments?post=1100"}],"wp:featuredmedia":[{"embeddable":true,"href":"https:\/\/eldom.es\/index.php\/wp-json\/wp\/v2\/media\/1105"}],"wp:attachment":[{"href":"https:\/\/eldom.es\/index.php\/wp-json\/wp\/v2\/media?parent=1100"}],"wp:term":[{"taxonomy":"product_brand","embeddable":true,"href":"https:\/\/eldom.es\/index.php\/wp-json\/wp\/v2\/product_brand?post=1100"},{"taxonomy":"product_cat","embeddable":true,"href":"https:\/\/eldom.es\/index.php\/wp-json\/wp\/v2\/product_cat?post=1100"},{"taxonomy":"product_tag","embeddable":true,"href":"https:\/\/eldom.es\/index.php\/wp-json\/wp\/v2\/product_tag?post=1100"}],"curies":[{"name":"wp","href":"https:\/\/api.w.org\/{rel}","templated":true}]}}