{"id":1094,"date":"2024-08-28T20:14:35","date_gmt":"2024-08-28T20:14:35","guid":{"rendered":"https:\/\/eldom.es\/?post_type=product&#038;p=1094"},"modified":"2024-08-28T20:14:36","modified_gmt":"2024-08-28T20:14:36","slug":"exprimidor-de-zumos-eldom-pj300-de-baja-velocidad-con-potencia-200w-y-rendimiento-mas-alto","status":"publish","type":"product","link":"https:\/\/eldom.es\/index.php\/producto\/exprimidor-de-zumos-eldom-pj300-de-baja-velocidad-con-potencia-200w-y-rendimiento-mas-alto\/","title":{"rendered":"Exprimidor de Zumos Eldom Pj300 de Baja Velocidad, con Potencia 200W y Rendimiento mas Alto"},"content":{"rendered":"<p>Exprimidor de Zumos Eldom Pj300 de Baja Velocidad, con Potencia 200W y Rendimiento mas Alto<\/p>\n<p>Jugo fresco: \u00a1todo el sabor y el poder de las vitaminas todos los d\u00edas! Esencial, arom\u00e1tico, rico en nutrientes valiosos: \u00a1esto es lo que se exprime en el<\/p>\n<h2>Exprimidor de zumos PERFECT JUICER PJ300 FRES!<\/h2>\n<p>Todos los d\u00edas, puede preparar deliciosas bebidas para toda la familia a partir de sus verduras, frutas y hierbas favoritas. El exprimidor de baja velocidad PJ300 FRES funciona silenciosamente, es f\u00e1cil de usar y limpiar, y es muy eficiente.<\/p>\n<p>Gracias a la trituraci\u00f3n eficaz de los productos (tecnolog\u00eda HEAVY PRESS) y al prensado en fr\u00edo del jugo, le permite conservar el m\u00e1ximo de sustancias valiosas para la salud contenidas en verduras y frutas. En comparaci\u00f3n con un exprimidor tradicional, \u00a1gracias a \u00e9l obtendr\u00e1s hasta un 30% m\u00e1s de jugo!<\/p>\n<p>El modelo PJ300 FRES tiene un motor eficiente que funciona en dos direcciones, gracias al cual puede lidiar f\u00e1cilmente con cualquier atasco de los productos procesados. Tambi\u00e9n tiene un mecanismo de exprimido s\u00f3lido, hecho de materiales seguros: libre de bisofenol A (sin BPA), cuerpo de acero inoxidable INOX, recolector de jugo con v\u00e1lvula (llamado anti-derrame), pies antideslizantes y un bloqueo de encendido (BLOQUEO DE SEGURIDAD), que le permite encender el exprimidor \u00fanicamente. cuando todas las piezas est\u00e9n instaladas correctamente.<\/p>\n<p>El set incluye: dos recipientes (para jugo y pulpa), un cortador de manzanas, un pr\u00e1ctico empujador y un cepillo de limpieza. Para enjuagar previamente el dispositivo, simplemente vierta agua limpia en el orificio de la tapa mientras trabaja. Adem\u00e1s, todas las partes extra\u00edbles del exprimidor se pueden lavar en lavavajillas.<\/p>\n<p>El exprimidor PJ300 FRES tiene un dise\u00f1o y una forma atractivos, lo que hace que se vea genial en cualquier cocina, colocado en un lugar visible, \u00a1siempre a mano! El robusto mecanismo de compresi\u00f3n est\u00e1 hecho de materiales seguros para la salud. SIN BPA &#8211; Sin BPA<\/p>\n<h2>ESPECIFICACIONES<\/h2>\n<p>Sin BPA; hasta un 30% m\u00e1s de jugo en comparaci\u00f3n con los exprimidores tradicionales; Tecnolog\u00eda HEAVY PRESS; cuerpo de acero inoxidable &#8211; INOX; 2 direcciones de funcionamiento del motor; trabajo tranquilo; F\u00e1cil de usar; v\u00e1lvula de jugo &#8211; sin derrames; CERRADURA DE SEGURIDAD cerradura de seguridad; pies antideslizantes; accesorios: &#8211; cortadora de manzanas, &#8211; 2 recipientes, &#8211; empujador, &#8211; cepillo; velocidad del motor: 45 [rpm]; potencia: 200W<\/p>\n","protected":false},"excerpt":{"rendered":"<p>Exprimidor de Zumos Eldom Pj300 de Baja Velocidad, con Potencia 200W y Rendimiento mas Alto<\/p>\n","protected":false},"featured_media":1095,"comment_status":"open","ping_status":"closed","template":"","meta":[],"product_brand":[],"product_cat":[26,33,130],"product_tag":[230,40,232,160,106,229,161,231,162],"class_list":{"0":"post-1094","1":"product","2":"type-product","3":"status-publish","4":"has-post-thumbnail","6":"product_cat-que_nuevo","7":"product_cat-electrodomesticos_de_cocina","8":"product_cat-hogar","9":"product_tag-baja","10":"product_tag-cocina","11":"product_tag-denso","12":"product_tag-exprimidor","13":"product_tag-frutas","14":"product_tag-jugo","15":"product_tag-licuadora","16":"product_tag-velocidad","17":"product_tag-zumo","19":"first","20":"instock","21":"sale","22":"taxable","23":"shipping-taxable","24":"purchasable","25":"product-type-simple"},"aioseo_notices":[],"_links":{"self":[{"href":"https:\/\/eldom.es\/index.php\/wp-json\/wp\/v2\/product\/1094","targetHints":{"allow":["GET"]}}],"collection":[{"href":"https:\/\/eldom.es\/index.php\/wp-json\/wp\/v2\/product"}],"about":[{"href":"https:\/\/eldom.es\/index.php\/wp-json\/wp\/v2\/types\/product"}],"replies":[{"embeddable":true,"href":"https:\/\/eldom.es\/index.php\/wp-json\/wp\/v2\/comments?post=1094"}],"wp:featuredmedia":[{"embeddable":true,"href":"https:\/\/eldom.es\/index.php\/wp-json\/wp\/v2\/media\/1095"}],"wp:attachment":[{"href":"https:\/\/eldom.es\/index.php\/wp-json\/wp\/v2\/media?parent=1094"}],"wp:term":[{"taxonomy":"product_brand","embeddable":true,"href":"https:\/\/eldom.es\/index.php\/wp-json\/wp\/v2\/product_brand?post=1094"},{"taxonomy":"product_cat","embeddable":true,"href":"https:\/\/eldom.es\/index.php\/wp-json\/wp\/v2\/product_cat?post=1094"},{"taxonomy":"product_tag","embeddable":true,"href":"https:\/\/eldom.es\/index.php\/wp-json\/wp\/v2\/product_tag?post=1094"}],"curies":[{"name":"wp","href":"https:\/\/api.w.org\/{rel}","templated":true}]}}