{"id":1089,"date":"2024-08-28T01:37:03","date_gmt":"2024-08-28T01:37:03","guid":{"rendered":"https:\/\/eldom.es\/?post_type=product&#038;p=1089"},"modified":"2024-08-28T01:37:04","modified_gmt":"2024-08-28T01:37:04","slug":"hervidor-del-agua-del-acero-inox-de-alta-calidad-promis-tmc-04-marcello","status":"publish","type":"product","link":"https:\/\/eldom.es\/index.php\/producto\/hervidor-del-agua-del-acero-inox-de-alta-calidad-promis-tmc-04-marcello\/","title":{"rendered":"Hervidor del agua del acero INOX  de alta calidad PROMIS TMC-04 Marcello"},"content":{"rendered":"<p>Hervidor del agua del acero INOX de alta calidad PROMIS TMC-04 Marcello<\/p>\n<ul>\n<li>volumen de 3,0 L<\/li>\n<li>Para todo tipo de cocinas, de gas, el\u00e9ctricas, de inducci\u00f3n tambi\u00e9n<\/li>\n<li>Fabricado en acero de alta calidad<\/li>\n<li>De acero brillante &#8211; de alto brillo<\/li>\n<li>Accuthermal Capas inferior<\/li>\n<li>mantiene la temperatura del agua caliente<\/li>\n<li>Seguro, mango aislado<\/li>\n<li>Silbato de se\u00f1alizaci\u00f3n hervir el agua<\/li>\n<li>Un mecanismo pr\u00e1ctico para abrir la v\u00e1lvula de silbato (un bot\u00f3n en el mango)<\/li>\n<li>Tapa extra\u00edble para facilitar el relleno y la limpieza.<\/li>\n<li>Diametro del hervidor &#8211; 22 cm, Altura &#8211; 24 cm.<\/li>\n<li>Dimensiones de la caja: 23 x 23 x 25 cm.<\/li>\n<\/ul>\n","protected":false},"excerpt":{"rendered":"<p>Hervidor del agua del acero INOX de alta calidad PROMIS TMC-04 Marcello<\/p>\n","protected":false},"featured_media":1090,"comment_status":"open","ping_status":"closed","template":"","meta":[],"product_brand":[],"product_cat":[26,33,130],"product_tag":[225,177,227,228,224,226,213],"class_list":{"0":"post-1089","1":"product","2":"type-product","3":"status-publish","4":"has-post-thumbnail","6":"product_cat-que_nuevo","7":"product_cat-electrodomesticos_de_cocina","8":"product_cat-hogar","9":"product_tag-agua","10":"product_tag-electrica","11":"product_tag-estufa","12":"product_tag-gas","13":"product_tag-hervidor","14":"product_tag-hervir","15":"product_tag-induccion","17":"first","18":"instock","19":"sale","20":"taxable","21":"shipping-taxable","22":"purchasable","23":"product-type-simple"},"aioseo_notices":[],"_links":{"self":[{"href":"https:\/\/eldom.es\/index.php\/wp-json\/wp\/v2\/product\/1089","targetHints":{"allow":["GET"]}}],"collection":[{"href":"https:\/\/eldom.es\/index.php\/wp-json\/wp\/v2\/product"}],"about":[{"href":"https:\/\/eldom.es\/index.php\/wp-json\/wp\/v2\/types\/product"}],"replies":[{"embeddable":true,"href":"https:\/\/eldom.es\/index.php\/wp-json\/wp\/v2\/comments?post=1089"}],"wp:featuredmedia":[{"embeddable":true,"href":"https:\/\/eldom.es\/index.php\/wp-json\/wp\/v2\/media\/1090"}],"wp:attachment":[{"href":"https:\/\/eldom.es\/index.php\/wp-json\/wp\/v2\/media?parent=1089"}],"wp:term":[{"taxonomy":"product_brand","embeddable":true,"href":"https:\/\/eldom.es\/index.php\/wp-json\/wp\/v2\/product_brand?post=1089"},{"taxonomy":"product_cat","embeddable":true,"href":"https:\/\/eldom.es\/index.php\/wp-json\/wp\/v2\/product_cat?post=1089"},{"taxonomy":"product_tag","embeddable":true,"href":"https:\/\/eldom.es\/index.php\/wp-json\/wp\/v2\/product_tag?post=1089"}],"curies":[{"name":"wp","href":"https:\/\/api.w.org\/{rel}","templated":true}]}}