{"id":1082,"date":"2024-08-26T14:42:24","date_gmt":"2024-08-26T14:42:24","guid":{"rendered":"https:\/\/eldom.es\/?post_type=product&#038;p=1082"},"modified":"2024-08-26T14:42:26","modified_gmt":"2024-08-26T14:42:26","slug":"conjunto-de-molinillos-electricos-de-pimienta-y-de-sal-zmp4-eldom-en-el-diseno-de-acero","status":"publish","type":"product","link":"https:\/\/eldom.es\/index.php\/producto\/conjunto-de-molinillos-electricos-de-pimienta-y-de-sal-zmp4-eldom-en-el-diseno-de-acero\/","title":{"rendered":"Conjunto de Molinillos El\u00e9ctricos: de Pimienta  y de Sal, ZMP4 ELDOM, en el dise\u00f1o de Acero"},"content":{"rendered":"<p>Conjunto de Molinillos El\u00e9ctricos: de Pimienta y de Sal, ZMP4 ELDOM, en el dise\u00f1o de Acero y contenedores grandes de Cristal, para mesa de Restaurante o Casa elegante<\/p>\n<h2>Conjunto de dos bien formados molinillos el\u00e9ctricos, utilizados para moler sal y pimienta.<\/h2>\n<p>Es f\u00e1cil llenarlos. Piedras de molino de cer\u00e1mica y el espesor ajustable de la molienda. Fuente de alimentaci\u00f3n se lleva a cabo a trav\u00e9s de las pilas alcalinas, lo que le permite utilizar amoladoras, incluso fuera de las tomas de corriente. Con carcasa de acero inoxidable de alta calidad pertenecen a una serie exclusiva de S-line.<\/p>\n<p>EL JUEGO DE MOLINILLOS EL\u00c9CTRICOS DE SAL Y PIMIENTA N\u00daMERO 1 CON 2 MOLINOS DE CRISTAL, ACERO INOXIDABLE Y MOLEDORA CER\u00c1MICA AJUSTABLE \u2013 Con este set de molinillos de especias de dise\u00f1o todo en uno tienes todo lo que necesitas para condimentar en la m\u00e1s alta calidad.<\/p>\n<p>MOLEDOR CER\u00c1MICO CONTINUAMENTE AJUSTABLE Y DE GRAN EFICACIA \u2013 Gruesa o fina, \u00a1esa es la cuesti\u00f3n! Nuestro moledor cer\u00e1mico ajustable te permite elegir el grosor o la finura de tus especias en la comida \u2013 en un abrir y cerrar de ojos, gracias a la rueda de f\u00e1cil manejo del molino.<\/p>\n<p>MATERIALES INOCUOS DE LA M\u00c1S ALTA CALIDAD \u2013 El acero inoxidable 304 cepillado y de gran calidad no s\u00f3lo es elegante, sino tambi\u00e9n extremadamente duradero e inocuo para la salud. El cristal grueso de alta calidad garantiza que la composici\u00f3n, el olor o el sabor de tus especias no se vean afectados de ninguna manera y te permite ver el contenido en cualquier momento.<\/p>\n<p>MULTIFUNCIONAL- Moler todo tipo de granos de pimienta, as\u00ed como un surtido de otras especias:chile o clavo, salvia o tomillo; Perfecto para la casa, cocina e incluso restaurantes.<\/p>\n<p>F\u00c1CIL PARA TODOS &#8211; La energ\u00eda a la pila; A diferencia de los molinillos manuales, s\u00f3lo pulsa el bot\u00f3n en la parte superior y poner la pimienta molida en cualquier plato; Tenga en cuenta que las pilas no est\u00e1n incluidas; ,<\/p>\n<h2>ESPECIFICACI\u00d3NES<\/h2>\n<p>dos molinos: pimienta y sal,<\/p>\n<p>ajuste del grueso,<\/p>\n<p>moledor de cer\u00e1mica,<\/p>\n<p>cubierta del acero inoxidable,<\/p>\n<p>relleno f\u00e1cil,<\/p>\n<p>fuente de alimentaci\u00f3n: bater\u00edas del AAA, 2 x 4 uds (no incluido).<\/p>\n<p>Dimensiones de la 16.80 x 5.90 x 26.00 cm<\/p>\n","protected":false},"excerpt":{"rendered":"<p>Conjunto de Molinillos El\u00e9ctricos: de Pimienta y de Sal, ZMP4 ELDOM, en el dise\u00f1o de Acero y de Cristal, para mesa de Restaurante o Casa elegante<\/p>\n","protected":false},"featured_media":1083,"comment_status":"open","ping_status":"closed","template":"","meta":[],"product_brand":[],"product_cat":[26,33,32],"product_tag":[40,222,114,221,223],"class_list":{"0":"post-1082","1":"product","2":"type-product","3":"status-publish","4":"has-post-thumbnail","6":"product_cat-que_nuevo","7":"product_cat-electrodomesticos_de_cocina","8":"product_cat-hasta_10_euros","9":"product_tag-cocina","10":"product_tag-condimientos","11":"product_tag-electrico","12":"product_tag-molinillo","13":"product_tag-sal-y-pimienta","15":"first","16":"instock","17":"taxable","18":"shipping-taxable","19":"purchasable","20":"product-type-simple"},"aioseo_notices":[],"_links":{"self":[{"href":"https:\/\/eldom.es\/index.php\/wp-json\/wp\/v2\/product\/1082","targetHints":{"allow":["GET"]}}],"collection":[{"href":"https:\/\/eldom.es\/index.php\/wp-json\/wp\/v2\/product"}],"about":[{"href":"https:\/\/eldom.es\/index.php\/wp-json\/wp\/v2\/types\/product"}],"replies":[{"embeddable":true,"href":"https:\/\/eldom.es\/index.php\/wp-json\/wp\/v2\/comments?post=1082"}],"wp:featuredmedia":[{"embeddable":true,"href":"https:\/\/eldom.es\/index.php\/wp-json\/wp\/v2\/media\/1083"}],"wp:attachment":[{"href":"https:\/\/eldom.es\/index.php\/wp-json\/wp\/v2\/media?parent=1082"}],"wp:term":[{"taxonomy":"product_brand","embeddable":true,"href":"https:\/\/eldom.es\/index.php\/wp-json\/wp\/v2\/product_brand?post=1082"},{"taxonomy":"product_cat","embeddable":true,"href":"https:\/\/eldom.es\/index.php\/wp-json\/wp\/v2\/product_cat?post=1082"},{"taxonomy":"product_tag","embeddable":true,"href":"https:\/\/eldom.es\/index.php\/wp-json\/wp\/v2\/product_tag?post=1082"}],"curies":[{"name":"wp","href":"https:\/\/api.w.org\/{rel}","templated":true}]}}