{"id":1074,"date":"2024-08-24T22:37:42","date_gmt":"2024-08-24T22:37:42","guid":{"rendered":"https:\/\/eldom.es\/?post_type=product&#038;p=1074"},"modified":"2024-08-24T22:37:44","modified_gmt":"2024-08-24T22:37:44","slug":"maquinilla-cortapelos-recortadora-zmg11-conjunto-con-cargador","status":"publish","type":"product","link":"https:\/\/eldom.es\/index.php\/producto\/maquinilla-cortapelos-recortadora-zmg11-conjunto-con-cargador\/","title":{"rendered":"Maquinilla Cortapelos + Recortadora ZMG11 Conjunto con Cargador"},"content":{"rendered":"<p>Maquinilla Cortapelos + Recortadora ZMG11 Conjunto con Cargador<\/p>\n<h2>\u00a1El cortapelos y recortadora del pelo de nar\u00edz, cejas, orejas. Cuidar\u00e1n la belleza masculina!<\/h2>\n<p>El cortapelos y recortadora del pelo de nar\u00edz, cejas, orejas es un juego completo para el cuidado del aspecto masculino, el recorte del cabello y la eliminaci\u00f3n precisa del vello no deseado de la zona de la nariz y las orejas. Ambos dispositivos son simples y c\u00f3modos de usar. Dise\u00f1o ergon\u00f3mico y limpieza f\u00e1cil son sus ventajas adicionales. El cortapelos est\u00e1 equipada con cuchillas de acero inoxidable, y las superposiciones pr\u00e1cticas permiten una selecci\u00f3n variada de la longitud del cabello recortado. El funcionamiento de la bater\u00eda y de la red significa que puede utilizarlo en cualquier lugar. La recortadora tiene una cuchilla de corte protegida por una cubierta especial. Gracias a ello, de una manera precisa y segura, puede eliminar el vello no deseado de lugares delicados y sensibles, como la nariz o las orejas. El dispositivo se alimenta con una bater\u00eda, y su peque\u00f1o tama\u00f1o permite un transporte conveniente.<\/p>\n<h2>ESPECIFICACIONES<\/h2>\n<h3>la maquinilla cortapelos<\/h3>\n<p>\u25cf cuchillas de acero inoxidable<\/p>\n<p>\u25cf bater\u00edas recargables<\/p>\n<p>\u25cf Tiempo de carga: 8 horas.<\/p>\n<p>\u25cf dise\u00f1o ergon\u00f3mico casquillo telesc\u00f3pico<\/p>\n<p>\u25cf f\u00e1cil de limpiar,<\/p>\n<p>\u25cf potencia 3W<\/p>\n<p>\u25cf l\u00e1mpara.<\/p>\n<h3>RECORTADORA<\/h3>\n<p>\u25cf funcionamiento simple<\/p>\n<p>\u25cf Fuente de alimentaci\u00f3n: 1 bater\u00eda (no incluido en el conjunto)<\/p>\n<p>\u25cf proporciona la eliminaci\u00f3n segura y eficaz para el pelo de la nariz y las orejas<\/p>\n<p>\u25cf tama\u00f1o compacto y dise\u00f1o ergon\u00f3mico<\/p>\n<p>\u25cf superposici\u00f3n de ocultar la hoja, se puede ajustar en posici\u00f3n vertical<\/p>\n<p>&nbsp;<\/p>\n<p>\u25cf\u00a0Dimensiones del embalaje 20.40 x 6.40 x 23.00 cm<\/p>\n<p>&nbsp;<\/p>\n","protected":false},"excerpt":{"rendered":"<p>Maquinilla Cortapelos + Recortadora ZMG11 Conjunto con Cargador<\/p>\n","protected":false},"featured_media":1075,"comment_status":"open","ping_status":"closed","template":"","meta":[],"product_brand":[],"product_cat":[26,36,33,37,130],"product_tag":[217,220,215,114,178,219,218,216],"class_list":{"0":"post-1074","1":"product","2":"type-product","3":"status-publish","4":"has-post-thumbnail","6":"product_cat-que_nuevo","7":"product_cat-cosmeticos","8":"product_cat-electrodomesticos_de_cocina","9":"product_cat-higiene_y_salud","10":"product_cat-hogar","11":"product_tag-cabello","12":"product_tag-cargador","13":"product_tag-cortapelos","14":"product_tag-electrico","15":"product_tag-hombre","16":"product_tag-masculino","17":"product_tag-pelo","18":"product_tag-recortadora","20":"first","21":"instock","22":"taxable","23":"shipping-taxable","24":"purchasable","25":"product-type-simple"},"aioseo_notices":[],"_links":{"self":[{"href":"https:\/\/eldom.es\/index.php\/wp-json\/wp\/v2\/product\/1074","targetHints":{"allow":["GET"]}}],"collection":[{"href":"https:\/\/eldom.es\/index.php\/wp-json\/wp\/v2\/product"}],"about":[{"href":"https:\/\/eldom.es\/index.php\/wp-json\/wp\/v2\/types\/product"}],"replies":[{"embeddable":true,"href":"https:\/\/eldom.es\/index.php\/wp-json\/wp\/v2\/comments?post=1074"}],"wp:featuredmedia":[{"embeddable":true,"href":"https:\/\/eldom.es\/index.php\/wp-json\/wp\/v2\/media\/1075"}],"wp:attachment":[{"href":"https:\/\/eldom.es\/index.php\/wp-json\/wp\/v2\/media?parent=1074"}],"wp:term":[{"taxonomy":"product_brand","embeddable":true,"href":"https:\/\/eldom.es\/index.php\/wp-json\/wp\/v2\/product_brand?post=1074"},{"taxonomy":"product_cat","embeddable":true,"href":"https:\/\/eldom.es\/index.php\/wp-json\/wp\/v2\/product_cat?post=1074"},{"taxonomy":"product_tag","embeddable":true,"href":"https:\/\/eldom.es\/index.php\/wp-json\/wp\/v2\/product_tag?post=1074"}],"curies":[{"name":"wp","href":"https:\/\/api.w.org\/{rel}","templated":true}]}}