{"id":1052,"date":"2024-08-22T17:38:43","date_gmt":"2024-08-22T17:38:43","guid":{"rendered":"https:\/\/eldom.es\/?post_type=product&#038;p=1052"},"modified":"2024-08-26T20:43:39","modified_gmt":"2024-08-26T20:43:39","slug":"triturador-de-recipiente-de-cristal-bk4s-eldom-500-w-carcasa-de-acero-inoxidable-tritura-fruta-mas-dura-e-incluso-hielo","status":"publish","type":"product","link":"https:\/\/eldom.es\/index.php\/producto\/triturador-de-recipiente-de-cristal-bk4s-eldom-500-w-carcasa-de-acero-inoxidable-tritura-fruta-mas-dura-e-incluso-hielo\/","title":{"rendered":"Triturador de Recipiente de Cristal BK4S ELDOM, 500 W, Carcasa de acero inoxidable, Tritura fruta m\u00e1s dura e incluso hielo"},"content":{"rendered":"<p>Triturador de Recipiente de Cristal BK4S ELDOM, 500 W, Carcasa de acero inoxidable, Tritura fruta m\u00e1s dura e incluso hielo<\/p>\n<p>\u00bfEst\u00e1s buscando un ayudante que te apoye en las actividades cotidianas de la cocina? \u00bfO tal vez se est\u00e1 preparando algo extra y est\u00e1s preparando un fest\u00edn para una suntuosa fiesta?<\/p>\n<h2>En ambos casos, \u00a1El Triturador de mesa BK4S funcionar\u00e1 muy bien!<\/h2>\n<p>Mezclar o triturar es su pasatiempo, que se dedica con entusiasmo cada vez que lo necesita. Funciona a cinco velocidades, y durante la funci\u00f3n de pulso, gracias al confiable cuchillo de 6 brazos, \u00a1incluso puede hacer frente al hielo picado! La carcasa de acero inoxidable lo deleitar\u00e1 no solo con su funci\u00f3n, sino tambi\u00e9n con un aspecto moderno y de dise\u00f1o. La copa de vidrio contendr\u00e1 1.5 litros de productos. BK4S es un nuevo miembro de la serie \u00abDelicious Collection\u00bb.<\/p>\n<h2>ESPECIFICACI\u00d3N<\/h2>\n<p>cuchilla innovador de 6 brazos;<\/p>\n<p>trituraci\u00f3n de hielo;<\/p>\n<p>Jarra de vidrio de 1,5 L;<\/p>\n<p>5 velocidades;<\/p>\n<p>trabajo de pulso;<\/p>\n<p>carcasa de acero inoxidable;<\/p>\n<p>protecci\u00f3n contra el sobrecalentamiento;<\/p>\n<p>conveniente tapa con un agujero;<\/p>\n<p>potencia: 400W ,<\/p>\n<p>Dimensiones del producto (Alto x Fondo x Ancho) 37,5 x 19,5 x 18,8 cm,<\/p>\n<p>Dimensiones de la caja: 20.50 x 24.00 x 34.00 cm<\/p>\n","protected":false},"excerpt":{"rendered":"<p>Triturador de Recipiente de Cristal BK4S ELDOM, 500 W, Carcasa de acero inoxidable, Tritura fruta m\u00e1s dura e incluso hielo<\/p>\n","protected":false},"featured_media":1053,"comment_status":"open","ping_status":"closed","template":"","meta":[],"product_brand":[],"product_cat":[26,33,130],"product_tag":[153,65,205,106,201,204,203,202,196,200],"class_list":{"0":"post-1052","1":"product","2":"type-product","3":"status-publish","4":"has-post-thumbnail","6":"product_cat-que_nuevo","7":"product_cat-electrodomesticos_de_cocina","8":"product_cat-hogar","9":"product_tag-acero","10":"product_tag-crema","11":"product_tag-cristal","12":"product_tag-frutas","13":"product_tag-hielo","14":"product_tag-jarra","15":"product_tag-smoothie","16":"product_tag-sopas","17":"product_tag-triturador","18":"product_tag-triturar","20":"first","21":"instock","22":"taxable","23":"shipping-taxable","24":"purchasable","25":"product-type-simple"},"aioseo_notices":[],"_links":{"self":[{"href":"https:\/\/eldom.es\/index.php\/wp-json\/wp\/v2\/product\/1052","targetHints":{"allow":["GET"]}}],"collection":[{"href":"https:\/\/eldom.es\/index.php\/wp-json\/wp\/v2\/product"}],"about":[{"href":"https:\/\/eldom.es\/index.php\/wp-json\/wp\/v2\/types\/product"}],"replies":[{"embeddable":true,"href":"https:\/\/eldom.es\/index.php\/wp-json\/wp\/v2\/comments?post=1052"}],"wp:featuredmedia":[{"embeddable":true,"href":"https:\/\/eldom.es\/index.php\/wp-json\/wp\/v2\/media\/1053"}],"wp:attachment":[{"href":"https:\/\/eldom.es\/index.php\/wp-json\/wp\/v2\/media?parent=1052"}],"wp:term":[{"taxonomy":"product_brand","embeddable":true,"href":"https:\/\/eldom.es\/index.php\/wp-json\/wp\/v2\/product_brand?post=1052"},{"taxonomy":"product_cat","embeddable":true,"href":"https:\/\/eldom.es\/index.php\/wp-json\/wp\/v2\/product_cat?post=1052"},{"taxonomy":"product_tag","embeddable":true,"href":"https:\/\/eldom.es\/index.php\/wp-json\/wp\/v2\/product_tag?post=1052"}],"curies":[{"name":"wp","href":"https:\/\/api.w.org\/{rel}","templated":true}]}}