{"id":1045,"date":"2024-08-21T15:42:50","date_gmt":"2024-08-21T15:42:50","guid":{"rendered":"https:\/\/eldom.es\/?post_type=product&#038;p=1045"},"modified":"2024-08-26T20:51:51","modified_gmt":"2024-08-26T20:51:51","slug":"triturador-profesional-de-mesa-bk500c-perfect-vital-eldom-1000w-color-rojo","status":"publish","type":"product","link":"https:\/\/eldom.es\/index.php\/producto\/triturador-profesional-de-mesa-bk500c-perfect-vital-eldom-1000w-color-rojo\/","title":{"rendered":"Triturador Profesional de mesa BK500C Perfect Vital ELDOM, 1000W, Color Rojo"},"content":{"rendered":"<p>Triturador Profesional de mesa BK500C Perfect Vital ELDOM, 1000W, Color Rojo<\/p>\n<h2>El triturador profesional de la serie PERFECT VITAL cumplir\u00e1 con las expectativas de los chefs m\u00e1s exigentes.<\/h2>\n<p>Es r\u00e1pido, conveniente y seguro de usar. Te permitir\u00e1 mezclar, aplastar y piratear con un rendimiento confiable. Tiene un motor fuerte y de alta velocidad (hasta 26,000 rpm) y un innovador sistema de cuchillos de seis brazos que aplastan f\u00e1cilmente incluso productos duros (por ejemplo, hielo y alimentos congelados). Su jarra espaciosa y muy duradera ha sido hecha de TRITAN (material libre de bisfenol A y resistente a altas temperaturas y da\u00f1os mec\u00e1nicos). Para combinar con la mayor precisi\u00f3n, la licuadora BK500 est\u00e1 equipada con un control de velocidad suave y un modo de pulsos. La base s\u00f3lida y los pies antideslizantes aseguran una estabilizaci\u00f3n total, y el fusible incorporado no permite que el dispositivo se encienda sin una jarra instalada correctamente. \u00bfSabrosas bebidas? \u00bfSopas nutritivas y batidos saludables? Esto es lo que un profesional en cada pulgada har\u00e1 por usted: \u00a1la licuadora BK500 PERFECT VITAL! El dispositivo est\u00e1 disponible en dos colores: blanco y rojo.<\/p>\n<h2>ESPECIFICACI\u00d3N<\/h2>\n<p>L\u00ednea vital perfecta,<\/p>\n<p>mezcla m\u00e1s saludable, BPA LIBRE &#8211; Tritan,<\/p>\n<p>sistema de cuchillas innovador, contenedor y cuchilla duraderos,<\/p>\n<p>olla con una capacidad m\u00e1xima de 2L,<\/p>\n<p>trituraci\u00f3n con hielo, cubierta con agujero,<\/p>\n<p>empujador, control de velocidad suave + trabajo pulsante,<\/p>\n<p>protecci\u00f3n contra sobrecalentamiento,<\/p>\n<p>pies antideslizante, potencia y funcionalidad,<\/p>\n<p>velocidad: hasta 26,000 rpm, potencia: 1000W; ;<\/p>\n<p>Dimensiones del producto (Alto x Fondo x Ancho) 50,5 x 20,5 x 23,5 cm;<\/p>\n<p>Dimensiones del embalaje 40,00 x 24,00 x 33,50 cm<\/p>\n","protected":false},"excerpt":{"rendered":"<p>Triturador Profesional de mesa BK500C Perfect Vital ELDOM, 1000W, Color Rojo. Te permitir\u00e1 mezclar, aplastar y triturar con un rendimiento confiable.<\/p>\n","protected":false},"featured_media":1046,"comment_status":"open","ping_status":"closed","template":"","meta":[],"product_brand":[],"product_cat":[26,33,130],"product_tag":[40,106,199,197,196,200,198],"class_list":{"0":"post-1045","1":"product","2":"type-product","3":"status-publish","4":"has-post-thumbnail","6":"product_cat-que_nuevo","7":"product_cat-electrodomesticos_de_cocina","8":"product_cat-hogar","9":"product_tag-cocina","10":"product_tag-frutas","11":"product_tag-mezcla","12":"product_tag-potente","13":"product_tag-triturador","14":"product_tag-triturar","15":"product_tag-zopas","17":"first","18":"instock","19":"taxable","20":"shipping-taxable","21":"purchasable","22":"product-type-simple"},"aioseo_notices":[],"_links":{"self":[{"href":"https:\/\/eldom.es\/index.php\/wp-json\/wp\/v2\/product\/1045","targetHints":{"allow":["GET"]}}],"collection":[{"href":"https:\/\/eldom.es\/index.php\/wp-json\/wp\/v2\/product"}],"about":[{"href":"https:\/\/eldom.es\/index.php\/wp-json\/wp\/v2\/types\/product"}],"replies":[{"embeddable":true,"href":"https:\/\/eldom.es\/index.php\/wp-json\/wp\/v2\/comments?post=1045"}],"wp:featuredmedia":[{"embeddable":true,"href":"https:\/\/eldom.es\/index.php\/wp-json\/wp\/v2\/media\/1046"}],"wp:attachment":[{"href":"https:\/\/eldom.es\/index.php\/wp-json\/wp\/v2\/media?parent=1045"}],"wp:term":[{"taxonomy":"product_brand","embeddable":true,"href":"https:\/\/eldom.es\/index.php\/wp-json\/wp\/v2\/product_brand?post=1045"},{"taxonomy":"product_cat","embeddable":true,"href":"https:\/\/eldom.es\/index.php\/wp-json\/wp\/v2\/product_cat?post=1045"},{"taxonomy":"product_tag","embeddable":true,"href":"https:\/\/eldom.es\/index.php\/wp-json\/wp\/v2\/product_tag?post=1045"}],"curies":[{"name":"wp","href":"https:\/\/api.w.org\/{rel}","templated":true}]}}