{"id":1032,"date":"2024-08-21T07:03:13","date_gmt":"2024-08-21T07:03:13","guid":{"rendered":"https:\/\/eldom.es\/?post_type=product&#038;p=1032"},"modified":"2024-08-21T07:03:14","modified_gmt":"2024-08-21T07:03:14","slug":"bascula-personal-digital-eldom-gwo230-hasta-150-kg-naranja-ultrafina-17-mm-de-grosor-belleza-bajo-control","status":"publish","type":"product","link":"https:\/\/eldom.es\/index.php\/producto\/bascula-personal-digital-eldom-gwo230-hasta-150-kg-naranja-ultrafina-17-mm-de-grosor-belleza-bajo-control\/","title":{"rendered":"Bascula Personal Digital ELDOM GWO230 Hasta 150 kg Naranja, Ultrafina &#8211; 17 mm de grosor, Belleza bajo control"},"content":{"rendered":"<p>Aquellos que se preocupan por la salud de ellos y sus familias saben que la Bascula Personal Digital es un dispositivo esencial en todos los hogares.<\/p>\n<h2>Bascula Personal Digital\u00a0ELDOM GWO230 Hasta 150 kg Naranja, Ultrafina &#8211; 17 mm de grosor, Belleza bajo control<\/h2>\n<p>Esta muy bien hecha, ultra-delgado, ya que s\u00f3lo las escalas de 17 mil\u00edmetros impresiona por su dise\u00f1o en muchos colores diferentes, por lo que puede encontrar su sitio en cada ba\u00f1o. La plataforma de vidrio de seguridad es resistente a los da\u00f1os mec\u00e1nicos. Es una precisi\u00f3n de 100 gramos. La amplia y clara pantalla LCD, adem\u00e1s de la medici\u00f3n de peso puede indicar una sobrecarga de peso, y bater\u00eda baja. Desconexi\u00f3n autom\u00e1tica despu\u00e9s de la medici\u00f3n reduce el consumo de energ\u00eda. Suministrar una peque\u00f1a bater\u00eda tiene una duraci\u00f3n de a\u00f1os. Es f\u00e1cil de usar y de mantener limpio, simplemente limpie con un pa\u00f1o y m\u00e1s largo.<\/p>\n<h2>ESPECIFICACI\u00d3NES:<\/h2>\n<p>pantalla LCD, ultrafino 17 mm,<\/p>\n<p>apagado autom\u00e1tico<br \/>\nindicador de sobrecarga<\/p>\n<p>indicador de descarga de bater\u00eda<\/p>\n<p>plataforma hecha de vidrio de seguridad<\/p>\n<p>precisi\u00f3n de la escala: 100 g<\/p>\n<p>fuente de alimentaci\u00f3n: bater\u00eda CR2032<\/p>\n<p>peso m\u00e1ximo: 150 kg<\/p>\n<p>precisi\u00f3n de la escala: 100 g,<\/p>\n<p>fuente de alimentaci\u00f3n: bater\u00eda CR2032<\/p>\n<p>Dimensiones de la caja 33.00 x 3.20 x 28.40 cm<\/p>\n<p>Dimensiones del producto 30 x 26 x 2 cm<\/p>\n","protected":false},"excerpt":{"rendered":"<p>Bascula Digital Personal ELDOM GWO230 Hasta 150 kg Naranja, Ultrafina &#8211; 17 mm de grosor, Belleza bajo control<\/p>\n","protected":false},"featured_media":1033,"comment_status":"open","ping_status":"closed","template":"","meta":[],"product_brand":[],"product_cat":[26,33,37,130],"product_tag":[188,184,186,89,190,90,189,185,187],"class_list":{"0":"post-1032","1":"product","2":"type-product","3":"status-publish","4":"has-post-thumbnail","6":"product_cat-que_nuevo","7":"product_cat-electrodomesticos_de_cocina","8":"product_cat-higiene_y_salud","9":"product_cat-hogar","10":"product_tag-150kg","11":"product_tag-balanza","12":"product_tag-bano","13":"product_tag-bascula","14":"product_tag-delgada","15":"product_tag-digital","16":"product_tag-fina","17":"product_tag-personal","18":"product_tag-suelo","20":"first","21":"instock","22":"taxable","23":"shipping-taxable","24":"purchasable","25":"product-type-simple"},"aioseo_notices":[],"_links":{"self":[{"href":"https:\/\/eldom.es\/index.php\/wp-json\/wp\/v2\/product\/1032","targetHints":{"allow":["GET"]}}],"collection":[{"href":"https:\/\/eldom.es\/index.php\/wp-json\/wp\/v2\/product"}],"about":[{"href":"https:\/\/eldom.es\/index.php\/wp-json\/wp\/v2\/types\/product"}],"replies":[{"embeddable":true,"href":"https:\/\/eldom.es\/index.php\/wp-json\/wp\/v2\/comments?post=1032"}],"wp:featuredmedia":[{"embeddable":true,"href":"https:\/\/eldom.es\/index.php\/wp-json\/wp\/v2\/media\/1033"}],"wp:attachment":[{"href":"https:\/\/eldom.es\/index.php\/wp-json\/wp\/v2\/media?parent=1032"}],"wp:term":[{"taxonomy":"product_brand","embeddable":true,"href":"https:\/\/eldom.es\/index.php\/wp-json\/wp\/v2\/product_brand?post=1032"},{"taxonomy":"product_cat","embeddable":true,"href":"https:\/\/eldom.es\/index.php\/wp-json\/wp\/v2\/product_cat?post=1032"},{"taxonomy":"product_tag","embeddable":true,"href":"https:\/\/eldom.es\/index.php\/wp-json\/wp\/v2\/product_tag?post=1032"}],"curies":[{"name":"wp","href":"https:\/\/api.w.org\/{rel}","templated":true}]}}