{"id":1024,"date":"2024-08-20T19:01:33","date_gmt":"2024-08-20T19:01:33","guid":{"rendered":"https:\/\/eldom.es\/?post_type=product&#038;p=1024"},"modified":"2024-08-20T19:01:33","modified_gmt":"2024-08-20T19:01:33","slug":"robot-planetario-de-cocina-eldom-wrk1200-recipiente-de-acero-inoxidable-de-5-litros-800-w-8-velocidades","status":"publish","type":"product","link":"https:\/\/eldom.es\/index.php\/producto\/robot-planetario-de-cocina-eldom-wrk1200-recipiente-de-acero-inoxidable-de-5-litros-800-w-8-velocidades\/","title":{"rendered":"Robot planetario de cocina, eldom WRK1200, Recipiente de acero inoxidable de 5 litros, 800 W, 8 velocidades"},"content":{"rendered":"<p>Robot planetario de cocina, eldom WRK1200 chefs, \u00a1el ayudante perfecto! Recipiente de acero inoxidable de 5 litros, 800 W, 8 velocidades<\/p>\n<h2>El robot planetario de chef WRK1200 de la serie \u00abDelicious Collection\u00bb har\u00e1 que te guste a\u00fan m\u00e1s la cocci\u00f3n conjunta.<\/h2>\n<p>Porque, \u00bfc\u00f3mo no amar al ayudante perfecto que lo aliviar\u00e1 de todo el trabajo que consume tiempo? Mezcla, amasa y bate\u2026 todo perfectamente gracias a la singular rotaci\u00f3n planetaria de la paleta. En la pr\u00e1ctica, esto significa no uno, sino dos ejes de rotaci\u00f3n. \u00a1M\u00e1s potencia, fuerza y \u200b\u200bprecisi\u00f3n! El recipiente de 5 litros del dispositivo est\u00e1 fabricado en acero inoxidable INOX. El robot trabaja a 8 velocidades diferentes, as\u00ed como en modo de pulso. Su motor potente y duradero no garantiza sorpresas desagradables cuando menos lo esperas.<\/p>\n<p>El set incluye: tres puntas diferentes: para mezclar, amasar y batir, esp\u00e1tula, tapa transparente. El dispositivo es f\u00e1cil de usar y de mantener limpio: \u00a1todos los accesorios se pueden lavar en el lavavajillas! \u00bfPasteles perfectos? \u00a1Solo con el ayudante perfecto!<\/p>\n<h2>ESPECIFICACI\u00d3N:<\/h2>\n<p>8 marchas + pulsaci\u00f3n; comienzo lento;<\/p>\n<p>bol de metal con una capacidad de 5 l;<\/p>\n<p>accesorios: &#8211; tres puntas: para batir; para mezclar; para amasar; &#8211; cubierta transparente; -esp\u00e1tula;<\/p>\n<p>motor potente y duradero;<\/p>\n<p>posibilidad de lavar accesorios en el lavavajillas;<\/p>\n<p>tiempo de trabajo ininterrumpido: 10 minutos;<\/p>\n<p>descanso antes de empezar a trabajar de nuevo: 15 minutos;<\/p>\n<p>potencia: 800 W;<\/p>\n<p>potencia de bloqueo del motor &#8211; MBP: 1500 W,<\/p>\n<p>Dimensiones del producto: 29.8 x 36.5 x 22.5 cm;<\/p>\n<p>Dimensiones de la caja: 25.00 x 39.00 x 35.00 cm<\/p>\n","protected":false},"excerpt":{"rendered":"<p>Robot planetario de cocina, eldom WRK1200 chefs, \u00a1el ayudante perfecto! Recipiente de acero inoxidable de 5 litros, 800 W, 8 velocidades<\/p>\n","protected":false},"featured_media":1025,"comment_status":"open","ping_status":"closed","template":"","meta":[],"product_brand":[],"product_cat":[26,33,130],"product_tag":[100,181,180,40,183,182,179,155],"class_list":{"0":"post-1024","1":"product","2":"type-product","3":"status-publish","4":"has-post-thumbnail","6":"product_cat-que_nuevo","7":"product_cat-electrodomesticos_de_cocina","8":"product_cat-hogar","9":"product_tag-alimentos","10":"product_tag-amasar","11":"product_tag-batir","12":"product_tag-cocina","13":"product_tag-mesa","14":"product_tag-mezclar","15":"product_tag-planetario","16":"product_tag-robot","18":"first","19":"instock","20":"taxable","21":"shipping-taxable","22":"purchasable","23":"product-type-simple"},"aioseo_notices":[],"_links":{"self":[{"href":"https:\/\/eldom.es\/index.php\/wp-json\/wp\/v2\/product\/1024","targetHints":{"allow":["GET"]}}],"collection":[{"href":"https:\/\/eldom.es\/index.php\/wp-json\/wp\/v2\/product"}],"about":[{"href":"https:\/\/eldom.es\/index.php\/wp-json\/wp\/v2\/types\/product"}],"replies":[{"embeddable":true,"href":"https:\/\/eldom.es\/index.php\/wp-json\/wp\/v2\/comments?post=1024"}],"wp:featuredmedia":[{"embeddable":true,"href":"https:\/\/eldom.es\/index.php\/wp-json\/wp\/v2\/media\/1025"}],"wp:attachment":[{"href":"https:\/\/eldom.es\/index.php\/wp-json\/wp\/v2\/media?parent=1024"}],"wp:term":[{"taxonomy":"product_brand","embeddable":true,"href":"https:\/\/eldom.es\/index.php\/wp-json\/wp\/v2\/product_brand?post=1024"},{"taxonomy":"product_cat","embeddable":true,"href":"https:\/\/eldom.es\/index.php\/wp-json\/wp\/v2\/product_cat?post=1024"},{"taxonomy":"product_tag","embeddable":true,"href":"https:\/\/eldom.es\/index.php\/wp-json\/wp\/v2\/product_tag?post=1024"}],"curies":[{"name":"wp","href":"https:\/\/api.w.org\/{rel}","templated":true}]}}