{"id":1018,"date":"2024-08-20T11:46:01","date_gmt":"2024-08-20T11:46:01","guid":{"rendered":"https:\/\/eldom.es\/?post_type=product&#038;p=1018"},"modified":"2024-08-20T11:46:02","modified_gmt":"2024-08-20T11:46:02","slug":"ventilador-del-suelo-eldom-wgc50-metalico-potencia-50w-diametro-de-rejilla-45cm-color-plata","status":"publish","type":"product","link":"https:\/\/eldom.es\/index.php\/producto\/ventilador-del-suelo-eldom-wgc50-metalico-potencia-50w-diametro-de-rejilla-45cm-color-plata\/","title":{"rendered":"Ventilador del Suelo ELDOM WGC50, met\u00e1lico, Potencia 50W, Diametro de Rejilla 45cm, Color Plata"},"content":{"rendered":"<p>Ventilador del Suelo ELDOM WGC50, met\u00e1lico, Potencia 50W, Diametro de Rejilla 45cm, Color Plata<\/p>\n<p>Una ola de calor. El aire est\u00e1 tan caliente que apenas puedes respirar. \u00a1Hay que cambiarlo! Nada m\u00e1s f\u00e1cil. Solo hay que comprar un elegante, robusto y funcional ventilador de suelo WGC50 ColumbiaVac.<\/p>\n<h2>El ventilador WGC50 es para uso tanto en viviendas, oficinas y en peque\u00f1os talleres y almacenes.<\/h2>\n<p>El producto est\u00e1 hecho de materiales de alta calidad en color met\u00e1lico, brillante. Tiene el helice de metal y pie redonda, plana, antitropiezo. Un cabezal giratorio de 450 mm de di\u00e1metro y su altura regulable te proporcionar\u00e1 un verdadero confort.<\/p>\n<p>Los tres niveles de velocidad har\u00e1n que disfrutes con su flujo de aire fresco.<\/p>\n<p>Otra funci\u00f3n muy importante del ventilador es la oscilaci\u00f3n, o sea la posibilidad de dar vueltas y cambiar la inclinaci\u00f3n del cabezal. Esto es muy \u00fatil sobre todo cuando el ventilador no tiene una sola ubicaci\u00f3n en casa o en la oficina, y adem\u00e1s sirve a veces para una persona y otras veces para varias.<\/p>\n<p>El aparato es silencioso y consume poca energ\u00eda, pues su funcionamiento prolongado no causar\u00e1 ning\u00fan problema. Este ventilador se convertir\u00e1 en tu aliado cada d\u00eda que haga mucho calor.<\/p>\n<h2>ESPECIFICACI\u00d3N:<\/h2>\n<p>funcionamiento silencioso<\/p>\n<p>alta eficiencia<\/p>\n<p>di\u00e1metro 450 mm<\/p>\n<p>mano de obra de alta calidad<\/p>\n<p>3 niveles de ajuste de velocidad<\/p>\n<p>dosel m\u00f3vil<\/p>\n<p>ajuste de altura<\/p>\n<p>unidad de metal<\/p>\n<p>potencia: 50W<\/p>\n<p>Dimensiones del producto (Alto x Fondo x Ancho) 88,0 x 45,0 x 28,0 cm<\/p>\n<p>Dimensiones de la caja\u00a0\u00a0\u00a0\u00a0\u00a0\u00a0\u00a0\u00a0 16.50 x 47.00 x 60.00 cm<\/p>\n","protected":false},"excerpt":{"rendered":"<p>Ventilador del Suelo ELDOM WGC50, met\u00e1lico, Potencia 50W, Diametro de Rejilla 45cm, Color Plata<\/p>\n","protected":false},"featured_media":1019,"comment_status":"open","ping_status":"closed","template":"","meta":[],"product_brand":[],"product_cat":[26,35,130],"product_tag":[],"class_list":{"0":"post-1018","1":"product","2":"type-product","3":"status-publish","4":"has-post-thumbnail","6":"product_cat-que_nuevo","7":"product_cat-climatizacion","8":"product_cat-hogar","10":"first","11":"instock","12":"taxable","13":"shipping-taxable","14":"purchasable","15":"product-type-simple"},"aioseo_notices":[],"_links":{"self":[{"href":"https:\/\/eldom.es\/index.php\/wp-json\/wp\/v2\/product\/1018","targetHints":{"allow":["GET"]}}],"collection":[{"href":"https:\/\/eldom.es\/index.php\/wp-json\/wp\/v2\/product"}],"about":[{"href":"https:\/\/eldom.es\/index.php\/wp-json\/wp\/v2\/types\/product"}],"replies":[{"embeddable":true,"href":"https:\/\/eldom.es\/index.php\/wp-json\/wp\/v2\/comments?post=1018"}],"wp:featuredmedia":[{"embeddable":true,"href":"https:\/\/eldom.es\/index.php\/wp-json\/wp\/v2\/media\/1019"}],"wp:attachment":[{"href":"https:\/\/eldom.es\/index.php\/wp-json\/wp\/v2\/media?parent=1018"}],"wp:term":[{"taxonomy":"product_brand","embeddable":true,"href":"https:\/\/eldom.es\/index.php\/wp-json\/wp\/v2\/product_brand?post=1018"},{"taxonomy":"product_cat","embeddable":true,"href":"https:\/\/eldom.es\/index.php\/wp-json\/wp\/v2\/product_cat?post=1018"},{"taxonomy":"product_tag","embeddable":true,"href":"https:\/\/eldom.es\/index.php\/wp-json\/wp\/v2\/product_tag?post=1018"}],"curies":[{"name":"wp","href":"https:\/\/api.w.org\/{rel}","templated":true}]}}