{"id":1006,"date":"2024-08-19T21:35:06","date_gmt":"2024-08-19T21:35:06","guid":{"rendered":"https:\/\/eldom.es\/?post_type=product&#038;p=1006"},"modified":"2024-08-19T21:35:06","modified_gmt":"2024-08-19T21:35:06","slug":"humidificador-ultrasonico-nu5n-eldom-con-pantalla-grande-ionizacion-del-aire","status":"publish","type":"product","link":"https:\/\/eldom.es\/index.php\/producto\/humidificador-ultrasonico-nu5n-eldom-con-pantalla-grande-ionizacion-del-aire\/","title":{"rendered":"Humidificador ultras\u00f3nico NU5N Eldom con pantalla grande, Ionizaci\u00f3n del aire"},"content":{"rendered":"<p>El humidificador ultras\u00f3nico NU5N Eldom con pantalla grande, Ionizaci\u00f3n del aire, 17 horas de funcionamiento continuo, solo 35 vatios<\/p>\n<h2>El humidificador ultras\u00f3nico NU5N tecnol\u00f3gicamente avanzado es una propuesta para las personas que valoran la automatizaci\u00f3n y el dise\u00f1o moderno.<\/h2>\n<p>Para su comodidad, el humidificador tiene la capacidad de establecer el nivel de humedad requerido en la habitaci\u00f3n. El sensor incorporado asegurar\u00e1 que el humidificador se encienda y apague en el momento adecuado. Adem\u00e1s, puede configurar el llamado Inicio retrasado: el humidificador comenzar\u00e1 a funcionar a la hora que establezca.<\/p>\n<p>&nbsp;<\/p>\n<p>El gran dep\u00f3sito de agua es suficiente para aproximadamente 17 horas de funcionamiento continuo (dependiendo del ajuste de la cantidad de niebla producida). La niebla producida se puede ionizar adicionalmente, neutralizando as\u00ed los iones positivos que emiten los dispositivos el\u00e9ctricos (por ejemplo, ordenadores, televisores).<\/p>\n<p>&nbsp;<\/p>\n<p>Una pantalla grande y clara muestra el estado de funcionamiento del dispositivo y el nivel actual de humedad en la habitaci\u00f3n. La retroiluminaci\u00f3n de la pantalla multicolor hace que el humidificador en funcionamiento tenga un aspecto extremadamente impresionante<\/p>\n<p>&nbsp;<\/p>\n<h2>\u00a0ESPECIFICACI\u00d3N:<\/h2>\n<p>&nbsp;<\/p>\n<p>capacidad: 5.2L<\/p>\n<p>control electr\u00f3nico<\/p>\n<p>pantalla grande<\/p>\n<p>minutero<\/p>\n<p>ionizaci\u00f3n del aire<\/p>\n<p>funci\u00f3n de inicio retrasado<\/p>\n<p>funci\u00f3n de apagado autom\u00e1tico<\/p>\n<p>regulaci\u00f3n de humidificaci\u00f3n<\/p>\n<p>sensor de nivel de agua<\/p>\n<p>medici\u00f3n de la humedad en la habitaci\u00f3n<\/p>\n<p>tiempo de trabajo con el tanque de agua lleno ~ 17 horas<\/p>\n<p>capacidad de establecer el nivel de humedad requerido<\/p>\n","protected":false},"excerpt":{"rendered":"<p>El humidificador ultras\u00f3nico NU5N Eldom con pantalla grande, Ionizaci\u00f3n del aire, 17 horas de funcionamiento continuo, solo 35 vatios<\/p>\n","protected":false},"featured_media":1007,"comment_status":"open","ping_status":"closed","template":"","meta":[],"product_brand":[],"product_cat":[26,35,130],"product_tag":[82,172,41,171,94,166,167,164,86,168,93,169,165,170],"class_list":{"0":"post-1006","1":"product","2":"type-product","3":"status-publish","4":"has-post-thumbnail","6":"product_cat-que_nuevo","7":"product_cat-climatizacion","8":"product_cat-hogar","9":"product_tag-aire","10":"product_tag-continuo","11":"product_tag-eldom","12":"product_tag-funcionamiento","13":"product_tag-grande","14":"product_tag-habitacion","15":"product_tag-hogar","16":"product_tag-humedad","17":"product_tag-humidificador","18":"product_tag-ionizacion","19":"product_tag-pantalla","20":"product_tag-solo-35","21":"product_tag-ultrasonico","22":"product_tag-vatios","24":"first","25":"instock","26":"sale","27":"taxable","28":"shipping-taxable","29":"purchasable","30":"product-type-simple"},"aioseo_notices":[],"_links":{"self":[{"href":"https:\/\/eldom.es\/index.php\/wp-json\/wp\/v2\/product\/1006","targetHints":{"allow":["GET"]}}],"collection":[{"href":"https:\/\/eldom.es\/index.php\/wp-json\/wp\/v2\/product"}],"about":[{"href":"https:\/\/eldom.es\/index.php\/wp-json\/wp\/v2\/types\/product"}],"replies":[{"embeddable":true,"href":"https:\/\/eldom.es\/index.php\/wp-json\/wp\/v2\/comments?post=1006"}],"wp:featuredmedia":[{"embeddable":true,"href":"https:\/\/eldom.es\/index.php\/wp-json\/wp\/v2\/media\/1007"}],"wp:attachment":[{"href":"https:\/\/eldom.es\/index.php\/wp-json\/wp\/v2\/media?parent=1006"}],"wp:term":[{"taxonomy":"product_brand","embeddable":true,"href":"https:\/\/eldom.es\/index.php\/wp-json\/wp\/v2\/product_brand?post=1006"},{"taxonomy":"product_cat","embeddable":true,"href":"https:\/\/eldom.es\/index.php\/wp-json\/wp\/v2\/product_cat?post=1006"},{"taxonomy":"product_tag","embeddable":true,"href":"https:\/\/eldom.es\/index.php\/wp-json\/wp\/v2\/product_tag?post=1006"}],"curies":[{"name":"wp","href":"https:\/\/api.w.org\/{rel}","templated":true}]}}