{"id":963,"date":"2024-08-19T03:07:45","date_gmt":"2024-08-19T03:07:45","guid":{"rendered":"https:\/\/eldom.es\/?page_id=963"},"modified":"2024-08-19T03:07:45","modified_gmt":"2024-08-19T03:07:45","slug":"terminos-de-servicio","status":"publish","type":"page","link":"https:\/\/eldom.es\/index.php\/terminos-de-servicio\/","title":{"rendered":"T\u00e9rminos de Servicio"},"content":{"rendered":"\n<p>Esta p\u00e1gina se encuentra ahora en proceso de actualizaci\u00f3n.<br>Por favor intenta m\u00e1s tarde<\/p>\n","protected":false},"excerpt":{"rendered":"<p>Esta p\u00e1gina se encuentra ahora en proceso de actualizaci\u00f3n.Por favor intenta m\u00e1s tarde<\/p>\n","protected":false},"author":1,"featured_media":0,"parent":0,"menu_order":0,"comment_status":"closed","ping_status":"closed","template":"","meta":{"footnotes":""},"class_list":["post-963","page","type-page","status-publish","hentry"],"aioseo_notices":[],"_links":{"self":[{"href":"https:\/\/eldom.es\/index.php\/wp-json\/wp\/v2\/pages\/963","targetHints":{"allow":["GET"]}}],"collection":[{"href":"https:\/\/eldom.es\/index.php\/wp-json\/wp\/v2\/pages"}],"about":[{"href":"https:\/\/eldom.es\/index.php\/wp-json\/wp\/v2\/types\/page"}],"author":[{"embeddable":true,"href":"https:\/\/eldom.es\/index.php\/wp-json\/wp\/v2\/users\/1"}],"replies":[{"embeddable":true,"href":"https:\/\/eldom.es\/index.php\/wp-json\/wp\/v2\/comments?post=963"}],"version-history":[{"count":1,"href":"https:\/\/eldom.es\/index.php\/wp-json\/wp\/v2\/pages\/963\/revisions"}],"predecessor-version":[{"id":965,"href":"https:\/\/eldom.es\/index.php\/wp-json\/wp\/v2\/pages\/963\/revisions\/965"}],"wp:attachment":[{"href":"https:\/\/eldom.es\/index.php\/wp-json\/wp\/v2\/media?parent=963"}],"curies":[{"name":"wp","href":"https:\/\/api.w.org\/{rel}","templated":true}]}}