{"id":960,"date":"2024-08-19T03:00:42","date_gmt":"2024-08-19T03:00:42","guid":{"rendered":"https:\/\/eldom.es\/?page_id=960"},"modified":"2024-08-19T03:00:50","modified_gmt":"2024-08-19T03:00:50","slug":"envios","status":"publish","type":"page","link":"https:\/\/eldom.es\/index.php\/envios\/","title":{"rendered":"Env\u00edos"},"content":{"rendered":"\n<h2 class=\"wp-block-heading\"><strong>INFORMACIONES GENERALES DE ENV\u00cdOS DE ELDOM&nbsp;<\/strong><\/h2>\n\n\n\n<p><strong>Dependiendo de tu ubicaci\u00f3n, utilizamos Correos, Correos Express, UPS y DPD (SEUR) para enviar su pedido. Realizamos env\u00edos a Espa\u00f1a, Europa y todo el mundo.<\/strong><\/p>\n\n\n\n<h2 class=\"wp-block-heading\"><strong>TIEMPOS Y TARIFAS DE ENV\u00cdO<\/strong><\/h2>\n\n\n\n<p><strong>Los env\u00edos en Espa\u00f1a peninsular y baleares desde valor del pedido 30,00 \u20ac con todos los descuentos son siempre gratuitos.<\/strong><\/p>\n\n\n\n<h2 class=\"wp-block-heading\"><strong>PLAZOS DE ENTREGA<\/strong><\/h2>\n\n\n\n<p><strong>El plazo medio es de 48h a 72h para productos en stock (en cada momento puedes hacer seguimiento del pedido) *<\/strong><\/p>\n\n\n\n<p><strong>ENTREGAS<\/strong><\/p>\n\n\n\n<p><strong>De lunes a viernes (NO se hacen entregas los s\u00e1bados, domingos, festivos nacionales, auton\u00f3micos o locales).<\/strong><\/p>\n\n\n\n<h2 class=\"wp-block-heading\"><strong>IMPORTE<\/strong><\/h2>\n\n\n\n<p><strong>4\u20ac para pedidos inferiores a 30,00 \u20ac. Gratis para pedidos desde 30,00\u20ac.<\/strong><\/p>\n\n\n\n<p><strong>La forma de pago \u00abContra Reembolso\u00bb genera el coste adicional de 4,00 \u20ac, lo que cobrar\u00e1 el repartidor.<\/strong><\/p>\n\n\n\n<p><strong>Recogida propia en la Sede de Eldom &#8211; Gratis<\/strong><\/p>\n\n\n\n<h2 class=\"wp-block-heading\"><strong>OTROS DESTINOS<\/strong><\/h2>\n\n\n\n<p><strong>Europa Occidental&nbsp; &#8211; env\u00edo 9,00 \u20ac<\/strong><\/p>\n\n\n\n<p><strong>El resto de Europa &#8211; env\u00edo 20,00 \u20ac<\/strong><\/p>\n\n\n\n<p><strong>El resto del Mundo &#8211; Consultar para cada producto o productos seleccionados.<\/strong><\/p>\n\n\n\n<h2 class=\"wp-block-heading\"><strong>ENV\u00cdOS ELDOM INTERNACIONALES<\/strong><\/h2>\n\n\n\n<p><strong>Siempre nos hemos enorgullecido de brindar una experiencia excepcional al cliente, desde que realiza un pedido en nuestro sitio web hasta que recibe un producto de alta calidad.<br>Si experiment\u00f3 un retraso con su pedido, lo sentimos. Como seres humanos, a veces nos quedamos cortos y lo sentimos. Debido a las nuevas regulaciones en aduanas y fronteras, vimos demoras en la recepci\u00f3n de nuestros env\u00edos y es por eso que no pudimos enviar dentro de un per\u00edodo indicado en nuestro sitio web cuando realiz\u00f3 su pedido. Mucho de eso ha estado fuera de nuestro control.<br>No queremos que sienta que nuestras intenciones no est\u00e9n en el lugar correcto. Si tiene alguna pregunta o inquietud, siempre estaremos felices de saber de usted.<\/strong><\/p>\n","protected":false},"excerpt":{"rendered":"<p>INFORMACIONES GENERALES DE ENV\u00cdOS DE ELDOM&nbsp; Dependiendo de tu ubicaci\u00f3n, utilizamos Correos, Correos Express, UPS y DPD (SEUR) para enviar su pedido. Realizamos env\u00edos a Espa\u00f1a, Europa y todo el mundo. TIEMPOS Y TARIFAS DE ENV\u00cdO Los env\u00edos en Espa\u00f1a peninsular y baleares desde valor del pedido 30,00 \u20ac con todos los descuentos son siempre gratuitos. PLAZOS DE ENTREGA El plazo medio es de 48h a 72h para productos en stock (en cada momento puedes hacer seguimiento del pedido) * ENTREGAS De lunes a viernes (NO se hacen entregas los s\u00e1bados, domingos, festivos nacionales, auton\u00f3micos o locales). IMPORTE 4\u20ac para pedidos inferiores a 30,00 \u20ac. Gratis para pedidos desde 30,00\u20ac. La forma de pago \u00abContra Reembolso\u00bb genera el&hellip;<\/p>\n","protected":false},"author":1,"featured_media":0,"parent":0,"menu_order":0,"comment_status":"closed","ping_status":"closed","template":"","meta":{"footnotes":""},"class_list":["post-960","page","type-page","status-publish","hentry"],"aioseo_notices":[],"_links":{"self":[{"href":"https:\/\/eldom.es\/index.php\/wp-json\/wp\/v2\/pages\/960","targetHints":{"allow":["GET"]}}],"collection":[{"href":"https:\/\/eldom.es\/index.php\/wp-json\/wp\/v2\/pages"}],"about":[{"href":"https:\/\/eldom.es\/index.php\/wp-json\/wp\/v2\/types\/page"}],"author":[{"embeddable":true,"href":"https:\/\/eldom.es\/index.php\/wp-json\/wp\/v2\/users\/1"}],"replies":[{"embeddable":true,"href":"https:\/\/eldom.es\/index.php\/wp-json\/wp\/v2\/comments?post=960"}],"version-history":[{"count":1,"href":"https:\/\/eldom.es\/index.php\/wp-json\/wp\/v2\/pages\/960\/revisions"}],"predecessor-version":[{"id":962,"href":"https:\/\/eldom.es\/index.php\/wp-json\/wp\/v2\/pages\/960\/revisions\/962"}],"wp:attachment":[{"href":"https:\/\/eldom.es\/index.php\/wp-json\/wp\/v2\/media?parent=960"}],"curies":[{"name":"wp","href":"https:\/\/api.w.org\/{rel}","templated":true}]}}