{"id":12,"date":"2024-08-19T02:27:42","date_gmt":"2024-08-19T02:27:42","guid":{"rendered":"https:\/\/eldom.es\/?page_id=12"},"modified":"2024-08-19T02:27:47","modified_gmt":"2024-08-19T02:27:47","slug":"reembolso_devoluciones","status":"publish","type":"page","link":"https:\/\/eldom.es\/index.php\/reembolso_devoluciones\/","title":{"rendered":"Pol\u00edtica de devoluciones y reembolsos"},"content":{"rendered":"\n<p><strong>\u00bfNo est\u00e1s contento con tu producto? No te preocupas, en Eldom.Es somos responsables por nuestros productos y con gusto aceptaremos devoluciones seg\u00fan las siguientes condiciones:<\/strong><\/p>\n\n\n\n<p><strong>Eldom.es es una tienda outlet online. Esto significa que los productos ofrecidos son completamente funcionales, pero su embalaje puede presentar signos de da\u00f1os durante el transporte o almacenamiento.<\/strong><\/p>\n\n\n\n<p><strong>La empresa tiene la pol\u00edtica de devoluciones de 30 d\u00edas . Para que la devoluci\u00f3n sea aceptada, nuestra empresa deber\u00e1 recibir los productos dentro de los 30 d\u00edas siguientes a la fecha de despacho. Lee m\u00e1s en nuestra \u201cPol\u00edtica de Devoluciones\u201d.<\/strong><\/p>\n\n\n\n<p><strong>Si el producto no est\u00e1 entregado a tiempo, verifica que la empresa transportista lo marca como entregado, pero en realidad se env\u00edara dentro de unos d\u00edas.<\/strong><\/p>\n\n\n\n<h2 class=\"wp-block-heading\"><strong>Devoluciones de env\u00edo<\/strong><\/h2>\n\n\n\n<p><strong>Para devolver su producto, debe enviarlo por correo a: {direcci\u00f3n f\u00edsica}.<\/strong><\/p>\n\n\n\n<p><strong>Usted ser\u00e1 responsable de pagar sus propios costos de env\u00edo para devolver su art\u00edculo. Los costos de env\u00edo no son reembolsables. Si recibe un reembolso, el costo del env\u00edo de devoluci\u00f3n se deducir\u00e1 de su reembolso.<\/strong><\/p>\n\n\n\n<p><strong>Dependiendo de d\u00f3nde viva, el tiempo que puede tardar en llegar el producto intercambiado puede variar.<\/strong><\/p>\n\n\n\n<p><strong>Si devuelve art\u00edculos m\u00e1s caros, puede considerar utilizar un servicio de env\u00edo rastreable o comprar un seguro de env\u00edo. No garantizamos que recibiremos su art\u00edculo devuelto.<\/strong><\/p>\n\n\n\n<p><\/p>\n\n\n\n<p><strong>Los cosm\u00e9ticos, alimentos s\u00f3lo se pueden devolver intactos. Los cosm\u00e9ticos o productos alimenticios pueden tener una vida \u00fatil m\u00e1s corta, pero permiten utilizar todo el contenido de forma segura.<\/strong><\/p>\n\n\n\n<p><strong>En caso de reclamaci\u00f3n sobre la calidad declarada, defectos org\u00e1nicos del producto se deber\u00e1 consultar con el proveedor (eldom.es) antes de la devoluci\u00f3n.<\/strong><\/p>\n\n\n\n<h2 class=\"wp-block-heading\"><strong>Intercambios<\/strong><\/h2>\n\n\n\n<p><strong>Solo reemplazamos art\u00edculos si est\u00e1n defectuosos o da\u00f1ados. Si necesita cambiarlo por el mismo art\u00edculo, env\u00edenos un correo electr\u00f3nico a tienda@eldom.es y env\u00ede su art\u00edculo a la direcci\u00f3n f\u00edsica mostrada en el pie de la p\u00e1gina.<\/strong><\/p>\n\n\n\n<h2 class=\"wp-block-heading\"><strong>Regalos<\/strong><\/h2>\n\n\n\n<p><strong>Si el art\u00edculo se marc\u00f3 como regalo cuando se compr\u00f3 y se le envi\u00f3 directamente, recibir\u00e1 un cr\u00e9dito de regalo por el valor de su devoluci\u00f3n. Una vez recibido el art\u00edculo devuelto, se le enviar\u00e1 por correo un certificado de regalo.<\/strong><\/p>\n\n\n\n<p><strong>Si el art\u00edculo no estaba marcado como regalo cuando se compr\u00f3, o si el obsequio recibi\u00f3 el pedido para entreg\u00e1rselo m\u00e1s tarde, le enviaremos un reembolso al obsequio y \u00e9l se enterar\u00e1 de su devoluci\u00f3n.<\/strong><\/p>\n\n\n\n<h2 class=\"wp-block-heading\"><strong>\u00bfNecesitar ayuda?<\/strong><\/h2>\n\n\n\n<p><strong>Cont\u00e1ctenos al {email} si tiene preguntas relacionadas con reembolsos y devoluciones.<\/strong><\/p>\n","protected":false},"excerpt":{"rendered":"<p>\u00bfNo est\u00e1s contento con tu producto? No te preocupas, en Eldom.Es somos responsables por nuestros productos y con gusto aceptaremos devoluciones seg\u00fan las siguientes condiciones: Eldom.es es una tienda outlet online. Esto significa que los productos ofrecidos son completamente funcionales, pero su embalaje puede presentar signos de da\u00f1os durante el transporte o almacenamiento. La empresa tiene la pol\u00edtica de devoluciones de 30 d\u00edas . Para que la devoluci\u00f3n sea aceptada, nuestra empresa deber\u00e1 recibir los productos dentro de los 30 d\u00edas siguientes a la fecha de despacho. Lee m\u00e1s en nuestra \u201cPol\u00edtica de Devoluciones\u201d. Si el producto no est\u00e1 entregado a tiempo, verifica que la empresa transportista lo marca como entregado, pero en realidad se env\u00edara dentro de&hellip;<\/p>\n","protected":false},"author":1,"featured_media":0,"parent":0,"menu_order":0,"comment_status":"closed","ping_status":"closed","template":"","meta":{"footnotes":""},"class_list":["post-12","page","type-page","status-publish","hentry"],"aioseo_notices":[],"_links":{"self":[{"href":"https:\/\/eldom.es\/index.php\/wp-json\/wp\/v2\/pages\/12","targetHints":{"allow":["GET"]}}],"collection":[{"href":"https:\/\/eldom.es\/index.php\/wp-json\/wp\/v2\/pages"}],"about":[{"href":"https:\/\/eldom.es\/index.php\/wp-json\/wp\/v2\/types\/page"}],"author":[{"embeddable":true,"href":"https:\/\/eldom.es\/index.php\/wp-json\/wp\/v2\/users\/1"}],"replies":[{"embeddable":true,"href":"https:\/\/eldom.es\/index.php\/wp-json\/wp\/v2\/comments?post=12"}],"version-history":[{"count":1,"href":"https:\/\/eldom.es\/index.php\/wp-json\/wp\/v2\/pages\/12\/revisions"}],"predecessor-version":[{"id":957,"href":"https:\/\/eldom.es\/index.php\/wp-json\/wp\/v2\/pages\/12\/revisions\/957"}],"wp:attachment":[{"href":"https:\/\/eldom.es\/index.php\/wp-json\/wp\/v2\/media?parent=12"}],"curies":[{"name":"wp","href":"https:\/\/api.w.org\/{rel}","templated":true}]}}